{"id":18,"date":"2022-09-15T10:00:13","date_gmt":"2022-09-15T10:00:13","guid":{"rendered":"http:\/\/localhost\/printco\/?page_id=18"},"modified":"2026-03-14T19:53:06","modified_gmt":"2026-03-14T19:53:06","slug":"sobre-nos","status":"publish","type":"page","link":"https:\/\/muds.ao\/en\/sobre-nos\/","title":{"rendered":"About Us"},"content":{"rendered":"<div data-elementor-type=\"wp-page\" data-elementor-id=\"18\" class=\"elementor elementor-18\" data-elementor-post-type=\"page\">\n\t\t\t\t        <section class=\"elementor-section elementor-top-section elementor-element elementor-element-44916f9 elementor-section-boxed elementor-section-height-default elementor-section-height-default pxl-type-header-none pxl-bg-color-none pxl-row-scroll-none\" data-id=\"44916f9\" data-element_type=\"section\" data-e-type=\"section\">\n\n                \n                <div class=\"elementor-container elementor-column-gap-default\">\n                <div class=\"elementor-column elementor-col-50 elementor-top-column elementor-element elementor-element-2d7ad01 pxl-col-none pxl-column-none\" data-id=\"2d7ad01\" data-element_type=\"column\" data-e-type=\"column\">\r\n        <div class=\"elementor-widget-wrap elementor-element-populated\">\r\n                     \r\n        \t\t<div class=\"elementor-element elementor-element-9de84bc elementor-widget elementor-widget-image\" data-id=\"9de84bc\" data-element_type=\"widget\" data-e-type=\"widget\" data-widget_type=\"image.default\">\n\t\t\t\t\t\t\t\t\t\t\t\t\t\t\t<img fetchpriority=\"high\" decoding=\"async\" width=\"1400\" height=\"1150\" src=\"https:\/\/muds.ao\/wp-content\/uploads\/2025\/09\/01-copiar-2.png\" class=\"attachment-full size-full wp-image-10143\" alt=\"\" srcset=\"https:\/\/muds.ao\/wp-content\/uploads\/2025\/09\/01-copiar-2.png 1400w, https:\/\/muds.ao\/wp-content\/uploads\/2025\/09\/01-copiar-2-300x246.png 300w, https:\/\/muds.ao\/wp-content\/uploads\/2025\/09\/01-copiar-2-1024x841.png 1024w, https:\/\/muds.ao\/wp-content\/uploads\/2025\/09\/01-copiar-2-768x631.png 768w, https:\/\/muds.ao\/wp-content\/uploads\/2025\/09\/01-copiar-2-864x710.png 864w, https:\/\/muds.ao\/wp-content\/uploads\/2025\/09\/01-copiar-2-870x715.png 870w\" sizes=\"(max-width: 1400px) 100vw, 1400px\" \/>\t\t\t\t\t\t\t\t\t\t\t\t\t\t\t<\/div>\n\t\t            <\/div>\r\n        <\/div>\r\n                <div class=\"elementor-column elementor-col-50 elementor-top-column elementor-element elementor-element-ac8eb25 pxl-col-none pxl-column-none\" data-id=\"ac8eb25\" data-element_type=\"column\" data-e-type=\"column\">\r\n        <div class=\"elementor-widget-wrap elementor-element-populated\">\r\n                     \r\n        \t\t<div class=\"elementor-element elementor-element-1949aa5 elementor-widget__width-initial elementor-widget elementor-widget-pxl_heading\" data-id=\"1949aa5\" data-element_type=\"widget\" data-e-type=\"widget\" data-widget_type=\"pxl_heading.default\">\n\t\t\t\t<div class=\"elementor-widget-container\">\n\t\t\t\t\t<div class=\"pxl-heading\">\n\t<div class=\"pxl-heading--inner\">\n\t\t\t\t\t<div class=\"pxl-item--subtitle\" data-wow-delay=\"ms\"><span>About us<\/span><\/div>\n\t\t\t\t<h2 class=\"pxl-item--title divider-none   style1\" data-wow-delay=\"ms\">\n\t\t\tWho We Are\t\t<\/h2>\n\t<\/div>\n<\/div>\t\t\t\t<\/div>\n\t\t\t\t<\/div>\n\t\t\t\t<div class=\"elementor-element elementor-element-dd768ad elementor-widget__width-initial elementor-widget elementor-widget-pxl_text_editor\" data-id=\"dd768ad\" data-element_type=\"widget\" data-e-type=\"widget\" data-widget_type=\"pxl_text_editor.default\">\n\t\t\t\t<div class=\"elementor-widget-container\">\n\t\t\t\t\t<div class=\"pxl-text-editor\" data-wow-delay=\"ms\">\n\t<div class=\"pxl-item--inner\">\n\t\t<p data-start=\"296\" data-end=\"575\">That <strong data-start=\"299\" data-end=\"307\">MUDS<\/strong>We believe that digital innovation is the engine that drives businesses of all sizes. We are an Angolan company specializing in... <strong data-start=\"445\" data-end=\"572\">Web hosting, domain registration, corporate emails, websites, online stores, graphic design, and social media management.<\/strong>.<\/p><p data-start=\"577\" data-end=\"727\">We unite <strong data-start=\"584\" data-end=\"625\">creativity, technology and strategy<\/strong> to offer digital solutions that truly make a difference in our clients' growth.<\/p>\t<\/div>\n<\/div>\n\t\t\t\t<\/div>\n\t\t\t\t<\/div>\n\t\t            <\/div>\r\n        <\/div>\r\n        \t\t\t<\/div>\n\t\t<\/section>\n\t\t<div class=\"elementor-element elementor-element-a733298 e-flex e-con-boxed e-con e-parent\" data-id=\"a733298\" data-element_type=\"container\" data-e-type=\"container\">\t\t\t<div class=\"e-con-inner\">\r\n\t\t\t\t<div class=\"elementor-element elementor-element-2828bae elementor-widget__width-initial elementor-invisible elementor-widget elementor-widget-pxl_pie_chart\" data-id=\"2828bae\" data-element_type=\"widget\" data-e-type=\"widget\" data-settings=\"{&quot;_animation&quot;:&quot;fadeInRight&quot;}\" data-widget_type=\"pxl_pie_chart.default\">\n\t\t\t\t<div class=\"elementor-widget-container\">\n\t\t\t\t\t<div class=\"pxl-piechart-layout1\">\n    <div class=\"pxl-piechart\" data-wow-delay=\"ms\">\n        <div class=\"item--value percentage\" style=\"min-height: 120px;\" data-size=\"120\" data-bar-color=\"#ff8362\" data-track-color=\"#ffffff\" data-line-width=\"8\" data-percent=\"-80\">\n                                        <i aria-hidden=\"true\" class=\"flaticon flaticon-target\"><\/i>                    <\/div>\n        <div class=\"item--content\">\n            <h4 class=\"item--title\">Mission<\/h4>\n            <div class=\"item--description\">To provide complete and accessible digital solutions, helping companies and entrepreneurs grow in a safe, innovative, and sustainable way.<\/div>\n        <\/div>\n    <\/div>\n<\/div>\n\t\t\t\t<\/div>\n\t\t\t\t<\/div>\n\t\t\t\t\t<\/div>\r\n\t\t\t\t<\/div>\r\n\t\t<div class=\"elementor-element elementor-element-8ee1227 e-flex e-con-boxed e-con e-parent\" data-id=\"8ee1227\" data-element_type=\"container\" data-e-type=\"container\">\t\t\t<div class=\"e-con-inner\">\r\n\t\t\t\t<div class=\"elementor-element elementor-element-642a84f elementor-widget__width-initial elementor-invisible elementor-widget elementor-widget-pxl_pie_chart\" data-id=\"642a84f\" data-element_type=\"widget\" data-e-type=\"widget\" data-settings=\"{&quot;_animation&quot;:&quot;fadeInRight&quot;}\" data-widget_type=\"pxl_pie_chart.default\">\n\t\t\t\t<div class=\"elementor-widget-container\">\n\t\t\t\t\t<div class=\"pxl-piechart-layout1\">\n    <div class=\"pxl-piechart\" data-wow-delay=\"ms\">\n        <div class=\"item--value percentage\" style=\"min-height: 120px;\" data-size=\"120\" data-bar-color=\"#ff8362\" data-track-color=\"#ffffff\" data-line-width=\"8\" data-percent=\"-80\">\n                                        <i aria-hidden=\"true\" class=\"icomoon icon-rocket3\"><\/i>                    <\/div>\n        <div class=\"item--content\">\n            <h4 class=\"item--title\">Vision<\/h4>\n            <div class=\"item--description\">To be recognized as the leading digital partner in Angola and beyond, combining cutting-edge technology with creative design and real impact.<\/div>\n        <\/div>\n    <\/div>\n<\/div>\n\t\t\t\t<\/div>\n\t\t\t\t<\/div>\n\t\t\t\t\t<\/div>\r\n\t\t\t\t<\/div>\r\n\t\t<div class=\"elementor-element elementor-element-531ba3d e-flex e-con-boxed e-con e-parent\" data-id=\"531ba3d\" data-element_type=\"container\" data-e-type=\"container\">\t\t\t<div class=\"e-con-inner\">\r\n\t\t\t\t<div class=\"elementor-element elementor-element-4bcd5e3 elementor-widget__width-initial elementor-invisible elementor-widget elementor-widget-pxl_pie_chart\" data-id=\"4bcd5e3\" data-element_type=\"widget\" data-e-type=\"widget\" data-settings=\"{&quot;_animation&quot;:&quot;fadeInRight&quot;,&quot;_animation_delay&quot;:200}\" data-widget_type=\"pxl_pie_chart.default\">\n\t\t\t\t<div class=\"elementor-widget-container\">\n\t\t\t\t\t<div class=\"pxl-piechart-layout1\">\n    <div class=\"pxl-piechart\" data-wow-delay=\"ms\">\n        <div class=\"item--value percentage\" style=\"min-height: 120px;\" data-size=\"120\" data-bar-color=\"#ff8362\" data-track-color=\"#ffffff\" data-line-width=\"8\" data-percent=\"-70\">\n                                        <i aria-hidden=\"true\" class=\"icomoon icon-law\"><\/i>                    <\/div>\n        <div class=\"item--content\">\n            <h4 class=\"item--title\">Values<\/h4>\n            <div class=\"item--description\">Innovation: We are always one step ahead to offer modern solutions. Trust: Each client is treated as a long-term partner. Excellence: Quality and dedication in everything we do. Proximity: Constant and personalized support.<\/div>\n        <\/div>\n    <\/div>\n<\/div>\n\t\t\t\t<\/div>\n\t\t\t\t<\/div>\n\t\t\t\t\t<\/div>\r\n\t\t\t\t<\/div>\r\n\t\t        <section class=\"elementor-section elementor-top-section elementor-element elementor-element-6ff90be pxl-flying-bounce elementor-section-boxed elementor-section-height-default elementor-section-height-default pxl-type-header-none pxl-bg-color-none pxl-row-scroll-none\" data-id=\"6ff90be\" data-element_type=\"section\" data-e-type=\"section\" data-settings=\"{&quot;background_background&quot;:&quot;classic&quot;}\">\n\n                \n                <div class=\"elementor-container elementor-column-gap-default\">\n                <div class=\"elementor-column elementor-col-100 elementor-top-column elementor-element elementor-element-e0c2136 pxl-col-none pxl-column-none\" data-id=\"e0c2136\" data-element_type=\"column\" data-e-type=\"column\">\r\n        <div class=\"elementor-widget-wrap elementor-element-populated\">\r\n                     \r\n        \t\t<div class=\"elementor-element elementor-element-b4dc56f elementor-widget elementor-widget-pxl_heading\" data-id=\"b4dc56f\" data-element_type=\"widget\" data-e-type=\"widget\" data-widget_type=\"pxl_heading.default\">\n\t\t\t\t<div class=\"elementor-widget-container\">\n\t\t\t\t\t<div class=\"pxl-heading\">\n\t<div class=\"pxl-heading--inner\">\n\t\t\t\t\t<div class=\"pxl-item--subtitle\" data-wow-delay=\"ms\"><span>Why choose us?<\/span><\/div>\n\t\t\t\t<h2 class=\"pxl-item--title divider-none   style1\" data-wow-delay=\"ms\">\n\t\t\t\t\t\t\t\t\t\t\t\t\t<span class=\"pxl-item--text\">\n\t\t\t            <span class=\"pxl-text--slide\"><span class=\"wow letter\">We do<\/span><\/span> <span class=\"pxl-text--slide\"><span class=\"wow letter\">as<\/span><\/span> <span class=\"pxl-text--slide\"><span class=\"wow letter\">he must<\/span><\/span> <span class=\"pxl-text--slide\"><span class=\"wow letter\">to be!<\/span><\/span>\t\t\t        <\/span>\n\t\t\t\t\t\t<\/h2>\n\t<\/div>\n<\/div>\t\t\t\t<\/div>\n\t\t\t\t<\/div>\n\t\t        <section class=\"elementor-section elementor-inner-section elementor-element elementor-element-74d8ddf elementor-section-boxed elementor-section-height-default elementor-section-height-default pxl-type-header-none pxl-bg-color-none pxl-row-scroll-none\" data-id=\"74d8ddf\" data-element_type=\"section\" data-e-type=\"section\">\n\n                \n                <div class=\"elementor-container elementor-column-gap-default\">\n                <div class=\"elementor-column elementor-col-100 elementor-inner-column elementor-element elementor-element-2335bc3 pxl-col-none pxl-column-none\" data-id=\"2335bc3\" data-element_type=\"column\" data-e-type=\"column\">\r\n        <div class=\"elementor-widget-wrap elementor-element-populated\">\r\n                     \r\n        \t\t<div class=\"elementor-element elementor-element-671a6fb elementor-widget__width-initial elementor-widget elementor-widget-pxl_icon_box\" data-id=\"671a6fb\" data-element_type=\"widget\" data-e-type=\"widget\" data-widget_type=\"pxl_icon_box.default\">\n\t\t\t\t<div class=\"elementor-widget-container\">\n\t\t\t\t\t<div class=\"pxl-icon-box pxl-icon-box2 pxl-grid-direction\" data-wow-delay=\"ms\">\r\n    <div class=\"item-direction\">\r\n        <div class=\"pxl-item--inner\">\r\n                            <div class=\"pxl-item--icon\">\r\n                    <i aria-hidden=\"true\" class=\"fal fa-users-crown\"><\/i>                <\/div>\r\n                        <div class=\"pxl-item--content\">\r\n                                    <h5 class=\"pxl-item--title el-empty\">\r\n                                                Experienced Team                                            <\/h5>\r\n                                <div class=\"pxl-item--description el-empty\">We have experts in technology, design, and communication ready to support the growth of your business.<\/div>\r\n                            <\/div>\r\n            <div class=\"pxl-bg--image\" style=\"background-image: url(https:\/\/muds.ao\/wp-content\/uploads\/2022\/10\/video-bg-01.jpg);\"><\/div>\r\n        <\/div>\r\n    <\/div>\r\n<\/div>\r\n\t\t\t\t<\/div>\n\t\t\t\t<\/div>\n\t\t\t\t<div class=\"elementor-element elementor-element-52376e2 elementor-widget__width-initial elementor-widget elementor-widget-pxl_icon_box\" data-id=\"52376e2\" data-element_type=\"widget\" data-e-type=\"widget\" data-widget_type=\"pxl_icon_box.default\">\n\t\t\t\t<div class=\"elementor-widget-container\">\n\t\t\t\t\t<div class=\"pxl-icon-box pxl-icon-box2 pxl-grid-direction\" data-wow-delay=\"ms\">\r\n    <div class=\"item-direction\">\r\n        <div class=\"pxl-item--inner\">\r\n                            <div class=\"pxl-item--icon\">\r\n                    <i aria-hidden=\"true\" class=\"fal fa-shield-check\"><\/i>                <\/div>\r\n                        <div class=\"pxl-item--content\">\r\n                                    <h5 class=\"pxl-item--title el-empty\">\r\n                                                Secure Infrastructure                                            <\/h5>\r\n                                <div class=\"pxl-item--description el-empty\">Fast, stable, and secure servers that ensure optimal performance and continuity.<\/div>\r\n                            <\/div>\r\n            <div class=\"pxl-bg--image\" style=\"background-image: url(https:\/\/muds.ao\/wp-content\/uploads\/2022\/11\/home-1-bg-03.jpg);\"><\/div>\r\n        <\/div>\r\n    <\/div>\r\n<\/div>\r\n\t\t\t\t<\/div>\n\t\t\t\t<\/div>\n\t\t\t\t<div class=\"elementor-element elementor-element-29b4532 elementor-widget__width-initial elementor-widget elementor-widget-pxl_icon_box\" data-id=\"29b4532\" data-element_type=\"widget\" data-e-type=\"widget\" data-widget_type=\"pxl_icon_box.default\">\n\t\t\t\t<div class=\"elementor-widget-container\">\n\t\t\t\t\t<div class=\"pxl-icon-box pxl-icon-box2 pxl-grid-direction\" data-wow-delay=\"ms\">\r\n    <div class=\"item-direction\">\r\n        <div class=\"pxl-item--inner\">\r\n                            <div class=\"pxl-item--icon\">\r\n                    <i aria-hidden=\"true\" class=\"fal fa-cogs\"><\/i>                <\/div>\r\n                        <div class=\"pxl-item--content\">\r\n                                    <h5 class=\"pxl-item--title el-empty\">\r\n                                                Quality Services                                            <\/h5>\r\n                                <div class=\"pxl-item--description el-empty\">Complete digital solutions, from hosting and email to websites, online stores, and visual identity.<\/div>\r\n                            <\/div>\r\n            <div class=\"pxl-bg--image\" style=\"background-image: url(https:\/\/muds.ao\/wp-content\/uploads\/2022\/11\/home-1-bg-04.jpg);\"><\/div>\r\n        <\/div>\r\n    <\/div>\r\n<\/div>\r\n\t\t\t\t<\/div>\n\t\t\t\t<\/div>\n\t\t\t\t<div class=\"elementor-element elementor-element-21b352a elementor-widget__width-initial elementor-widget elementor-widget-pxl_icon_box\" data-id=\"21b352a\" data-element_type=\"widget\" data-e-type=\"widget\" data-widget_type=\"pxl_icon_box.default\">\n\t\t\t\t<div class=\"elementor-widget-container\">\n\t\t\t\t\t<div class=\"pxl-icon-box pxl-icon-box2 pxl-grid-direction\" data-wow-delay=\"ms\">\r\n    <div class=\"item-direction\">\r\n        <div class=\"pxl-item--inner\">\r\n                            <div class=\"pxl-item--icon\">\r\n                    <i aria-hidden=\"true\" class=\"fal fa-headphones\"><\/i>                <\/div>\r\n                        <div class=\"pxl-item--content\">\r\n                                    <h5 class=\"pxl-item--title el-empty\">\r\n                                                Dedicated Support                                            <\/h5>\r\n                                <div class=\"pxl-item--description el-empty\">Personalized service, quick responses, and ongoing support to ensure your satisfaction.<\/div>\r\n                            <\/div>\r\n            <div class=\"pxl-bg--image\" style=\"background-image: url(https:\/\/muds.ao\/wp-content\/uploads\/2022\/11\/home-1-bg-01.jpg);\"><\/div>\r\n        <\/div>\r\n    <\/div>\r\n<\/div>\r\n\t\t\t\t<\/div>\n\t\t\t\t<\/div>\n\t\t            <\/div>\r\n        <\/div>\r\n        \t\t\t<\/div>\n\t\t<\/section>\n\t\t            <\/div>\r\n        <\/div>\r\n        \t\t\t<\/div>\n\t\t<\/section>\n\t\t\t\t<\/div>","protected":false},"excerpt":{"rendered":"<p>Sobre n\u00f3s Quem Somos Na MUDS, acreditamos que a inova\u00e7\u00e3o digital \u00e9 o motor que impulsiona neg\u00f3cios de todas as dimens\u00f5es. Somos uma empresa Angolana especializada em alojamento web, registo de dom\u00ednios, e-mails corporativos, websites, lojas online, design gr\u00e1fico e gest\u00e3o de redes sociais. Unimos criatividade, tecnologia e estrat\u00e9gia para oferecer solu\u00e7\u00f5es digitais que realmente [&hellip;]<\/p>\n","protected":false},"author":2,"featured_media":0,"parent":0,"menu_order":0,"comment_status":"closed","ping_status":"closed","template":"","meta":{"footnotes":""},"class_list":["post-18","page","type-page","status-publish","hentry"],"_links":{"self":[{"href":"https:\/\/muds.ao\/en\/wp-json\/wp\/v2\/pages\/18","targetHints":{"allow":["GET"]}}],"collection":[{"href":"https:\/\/muds.ao\/en\/wp-json\/wp\/v2\/pages"}],"about":[{"href":"https:\/\/muds.ao\/en\/wp-json\/wp\/v2\/types\/page"}],"author":[{"embeddable":true,"href":"https:\/\/muds.ao\/en\/wp-json\/wp\/v2\/users\/2"}],"replies":[{"embeddable":true,"href":"https:\/\/muds.ao\/en\/wp-json\/wp\/v2\/comments?post=18"}],"version-history":[{"count":61,"href":"https:\/\/muds.ao\/en\/wp-json\/wp\/v2\/pages\/18\/revisions"}],"predecessor-version":[{"id":11304,"href":"https:\/\/muds.ao\/en\/wp-json\/wp\/v2\/pages\/18\/revisions\/11304"}],"wp:attachment":[{"href":"https:\/\/muds.ao\/en\/wp-json\/wp\/v2\/media?parent=18"}],"curies":[{"name":"wp","href":"https:\/\/api.w.org\/{rel}","templated":true}]}}