{"id":120,"date":"2022-09-16T07:08:25","date_gmt":"2022-09-16T07:08:25","guid":{"rendered":"http:\/\/localhost\/printco\/?page_id=120"},"modified":"2026-03-14T19:40:31","modified_gmt":"2026-03-14T19:40:31","slug":"contacto","status":"publish","type":"page","link":"https:\/\/muds.ao\/en\/contacto\/","title":{"rendered":"Contact"},"content":{"rendered":"\t\t<div data-elementor-type=\"wp-page\" data-elementor-id=\"120\" class=\"elementor elementor-120\" data-elementor-post-type=\"page\">\n\t\t\t\t        <section class=\"elementor-section elementor-top-section elementor-element elementor-element-bc45b4a elementor-section-boxed elementor-section-height-default elementor-section-height-default pxl-type-header-none pxl-bg-color-none pxl-row-scroll-none\" data-id=\"bc45b4a\" data-element_type=\"section\" data-e-type=\"section\">\n\n                \n                <div class=\"elementor-container elementor-column-gap-default \">\n                <div class=\"elementor-column elementor-col-50 elementor-top-column elementor-element elementor-element-4908531 pxl-col-none pxl-column-none\" data-id=\"4908531\" data-element_type=\"column\" data-e-type=\"column\">\r\n        <div class=\"elementor-widget-wrap elementor-element-populated\">\r\n                     \r\n        \t\t<div class=\"elementor-element elementor-element-414ab2a elementor-widget elementor-widget-pxl_icon_box\" data-id=\"414ab2a\" data-element_type=\"widget\" data-e-type=\"widget\" data-widget_type=\"pxl_icon_box.default\">\n\t\t\t\t<div class=\"elementor-widget-container\">\n\t\t\t\t\t<div class=\"pxl-icon-box pxl-icon-box1 style1 \" data-wow-delay=\"ms\">\r\n    <div class=\"pxl-item--inner\">\r\n                    <div class=\"pxl-item--icon\">\r\n                <i aria-hidden=\"true\" class=\"flaticon flaticon-technical-support\"><\/i>            <\/div>\r\n                        <div class=\"pxl-item--content\">\r\n            <h4 class=\"pxl-item--title el-empty\">\r\n                                    Precisa do Nosso Suporte                                <\/h4>\r\n            <div class=\"pxl-item--description el-empty\">A nossa equipa est\u00e1 dispon\u00edvel para o apoiar. Desde quest\u00f5es gerais at\u00e9 pedidos espec\u00edficos relacionados com suporte t\u00e9cnico, garantimos um acompanhamento r\u00e1pido, claro e eficiente.<\/div>\r\n                    <\/div>\r\n    <\/div>\r\n<\/div>\t\t\t\t<\/div>\n\t\t\t\t<\/div>\n\t\t            <\/div>\r\n        <\/div>\r\n                <div class=\"elementor-column elementor-col-50 elementor-top-column elementor-element elementor-element-56b7389 pxl-col-none pxl-column-none\" data-id=\"56b7389\" data-element_type=\"column\" data-e-type=\"column\">\r\n        <div class=\"elementor-widget-wrap elementor-element-populated\">\r\n                     \r\n        \t\t<div class=\"elementor-element elementor-element-6c07dc3 elementor-widget elementor-widget-pxl_icon_box\" data-id=\"6c07dc3\" data-element_type=\"widget\" data-e-type=\"widget\" data-widget_type=\"pxl_icon_box.default\">\n\t\t\t\t<div class=\"elementor-widget-container\">\n\t\t\t\t\t<div class=\"pxl-icon-box pxl-icon-box1 style1 \" data-wow-delay=\"ms\">\r\n    <div class=\"pxl-item--inner\">\r\n                    <div class=\"pxl-item--icon\">\r\n                <i aria-hidden=\"true\" class=\"flaticon flaticon-chat\"><\/i>            <\/div>\r\n                        <div class=\"pxl-item--content\">\r\n            <h4 class=\"pxl-item--title el-empty\">\r\n                                    Torne-se Nosso Cliente                                <\/h4>\r\n            <div class=\"pxl-item--description el-empty\">Pode beneficiar das nossas solu\u00e7\u00f5es completas, optimizar custos e aceder a suporte profissional dedicado. Junte-se a n\u00f3s e leve a sua presen\u00e7a digital mais longe.<\/div>\r\n                    <\/div>\r\n    <\/div>\r\n<\/div>\t\t\t\t<\/div>\n\t\t\t\t<\/div>\n\t\t            <\/div>\r\n        <\/div>\r\n        \t\t\t<\/div>\n\t\t<\/section>\n\t\t        <section class=\"elementor-section elementor-top-section elementor-element elementor-element-3fefeef elementor-section-boxed elementor-section-height-default elementor-section-height-default pxl-type-header-none pxl-bg-color-none pxl-row-scroll-none\" data-id=\"3fefeef\" data-element_type=\"section\" data-e-type=\"section\">\n\n                \n                <div class=\"elementor-container elementor-column-gap-default \">\n                <div class=\"elementor-column elementor-col-50 elementor-top-column elementor-element elementor-element-741dc92 pxl-col-none pxl-column-none\" data-id=\"741dc92\" data-element_type=\"column\" data-e-type=\"column\">\r\n        <div class=\"elementor-widget-wrap elementor-element-populated\">\r\n                     \r\n        \t\t<div class=\"elementor-element elementor-element-6dcaddb elementor-widget elementor-widget-pxl_heading\" data-id=\"6dcaddb\" data-element_type=\"widget\" data-e-type=\"widget\" data-widget_type=\"pxl_heading.default\">\n\t\t\t\t<div class=\"elementor-widget-container\">\n\t\t\t\t\t<div class=\"pxl-heading\">\n\t<div class=\"pxl-heading--inner\">\n\t\t\t\t\t<div class=\"pxl-item--subtitle \" data-wow-delay=\"ms\"><span>Estamos Prontos para Ajudar<\/span><\/div>\n\t\t\t\t<h2 class=\"pxl-item--title divider-none   style1\" data-wow-delay=\"ms\">\n\t\t\tFale Connosco, Como Deve Ser!\t\t<\/h2>\n\t<\/div>\n<\/div>\t\t\t\t<\/div>\n\t\t\t\t<\/div>\n\t\t\t\t<div class=\"elementor-element elementor-element-20e39ed elementor-widget elementor-widget-pxl_text_editor\" data-id=\"20e39ed\" data-element_type=\"widget\" data-e-type=\"widget\" data-widget_type=\"pxl_text_editor.default\">\n\t\t\t\t<div class=\"elementor-widget-container\">\n\t\t\t\t\t<div class=\"pxl-text-editor \" data-wow-delay=\"ms\">\n\t<div class=\"pxl-item--inner  \">\n\t\t<p>Preencha a informa\u00e7\u00e3o solicitada e entraremos em contacto consigo com a maior brevidade poss\u00edvel.<\/p>\t<\/div>\n<\/div>\n\t\t\t\t<\/div>\n\t\t\t\t<\/div>\n\t\t            <\/div>\r\n        <\/div>\r\n                <div class=\"elementor-column elementor-col-50 elementor-top-column elementor-element elementor-element-810f1a8 pxl-col-none pxl-column-none\" data-id=\"810f1a8\" data-element_type=\"column\" data-e-type=\"column\">\r\n        <div class=\"elementor-widget-wrap elementor-element-populated\">\r\n                     \r\n        \t\t<div class=\"elementor-element elementor-element-9c33bd7 elementor-invisible elementor-widget elementor-widget-pxl_contact_info\" data-id=\"9c33bd7\" data-element_type=\"widget\" data-e-type=\"widget\" data-settings=\"{&quot;_animation&quot;:&quot;bounceInRight&quot;}\" data-widget_type=\"pxl_contact_info.default\">\n\t\t\t\t<div class=\"elementor-widget-container\">\n\t\t\t\t\t<div class=\"pxl-contact-info pxl-contact-info2 \" data-wow-delay=\"ms\">\r\n    <div class=\"pxl-item--inner\">\r\n                    <span class=\"pxl-item--icon\">\r\n                <i aria-hidden=\"true\" class=\"fal fa-map-marker-alt\"><\/i>            <\/span>\r\n                <div class=\"pxl-item--content\">\r\n            <h4 class=\"pxl-item--title\">Endere\u00e7o<\/h4>\r\n                            <a class=\"pxl-item--description\" href=\"#\" target=\"_blank\">\r\n                    Avenida Che Guevara n.\u00ba 66\u201368, Edif\u00edcio Elo Business, Escrit\u00f3rio n.\u00ba 13 - Maculusso                <\/a>\r\n                    <\/div>\r\n    <\/div>\r\n<\/div>\t\t\t\t<\/div>\n\t\t\t\t<\/div>\n\t\t\t\t<div class=\"elementor-element elementor-element-ac1850a elementor-invisible elementor-widget elementor-widget-pxl_contact_info\" data-id=\"ac1850a\" data-element_type=\"widget\" data-e-type=\"widget\" data-settings=\"{&quot;_animation&quot;:&quot;bounceInRight&quot;,&quot;_animation_delay&quot;:200}\" data-widget_type=\"pxl_contact_info.default\">\n\t\t\t\t<div class=\"elementor-widget-container\">\n\t\t\t\t\t<div class=\"pxl-contact-info pxl-contact-info2 \" data-wow-delay=\"ms\">\r\n    <div class=\"pxl-item--inner\">\r\n                    <span class=\"pxl-item--icon\">\r\n                <i aria-hidden=\"true\" class=\"fal fa-envelope-open\"><\/i>            <\/span>\r\n                <div class=\"pxl-item--content\">\r\n            <h4 class=\"pxl-item--title\">Envie-nos um e-mail<\/h4>\r\n                            <a class=\"pxl-item--description\" href=\"mailto:info@muds.ao\">\r\n                    info@muds.ao                <\/a>\r\n                    <\/div>\r\n    <\/div>\r\n<\/div>\t\t\t\t<\/div>\n\t\t\t\t<\/div>\n\t\t\t\t<div class=\"elementor-element elementor-element-1c87a58 elementor-invisible elementor-widget elementor-widget-pxl_contact_info\" data-id=\"1c87a58\" data-element_type=\"widget\" data-e-type=\"widget\" data-settings=\"{&quot;_animation&quot;:&quot;bounceInRight&quot;,&quot;_animation_delay&quot;:400}\" data-widget_type=\"pxl_contact_info.default\">\n\t\t\t\t<div class=\"elementor-widget-container\">\n\t\t\t\t\t<div class=\"pxl-contact-info pxl-contact-info2 \" data-wow-delay=\"ms\">\r\n    <div class=\"pxl-item--inner\">\r\n                    <span class=\"pxl-item--icon\">\r\n                <i aria-hidden=\"true\" class=\"fal fa-phone\"><\/i>            <\/span>\r\n                <div class=\"pxl-item--content\">\r\n            <h4 class=\"pxl-item--title\">Telefone<\/h4>\r\n                            <a class=\"pxl-item--description\" href=\"tel:+244951184329\">\r\n                    +244 951 184 329 | 914 459 451                <\/a>\r\n                    <\/div>\r\n    <\/div>\r\n<\/div>\t\t\t\t<\/div>\n\t\t\t\t<\/div>\n\t\t            <\/div>\r\n        <\/div>\r\n        \t\t\t<\/div>\n\t\t<\/section>\n\t\t        <section class=\"elementor-section elementor-top-section elementor-element elementor-element-b3660aa elementor-section-full_width elementor-section-height-default elementor-section-height-default pxl-type-header-none pxl-bg-color-none pxl-section-padding-none pxl-section-offset-none pxl-row-scroll-none\" data-id=\"b3660aa\" data-element_type=\"section\" data-e-type=\"section\">\n\n                \n                <div class=\"elementor-container elementor-column-gap-default \">\n                <div class=\"elementor-column elementor-col-100 elementor-top-column elementor-element elementor-element-d5098fa pxl-col-none pxl-column-none\" data-id=\"d5098fa\" data-element_type=\"column\" data-e-type=\"column\">\r\n        <div class=\"elementor-widget-wrap elementor-element-populated\">\r\n                     \r\n        \t\t<div class=\"elementor-element elementor-element-1386f4d elementor-widget elementor-widget-google_maps\" data-id=\"1386f4d\" data-element_type=\"widget\" data-e-type=\"widget\" data-widget_type=\"google_maps.default\">\n\t\t\t\t\t\t\t<div class=\"elementor-custom-embed\">\n\t\t\t<iframe loading=\"lazy\"\n\t\t\t\t\tsrc=\"https:\/\/maps.google.com\/maps?q=%20Edif%C3%ADcio%20Elo%20Business&#038;t=m&#038;z=18&#038;output=embed&#038;iwloc=near\"\n\t\t\t\t\ttitle=\" Edif\u00edcio Elo Business\"\n\t\t\t\t\taria-label=\" Edif\u00edcio Elo Business\"\n\t\t\t><\/iframe>\n\t\t<\/div>\n\t\t\t\t\t\t<\/div>\n\t\t            <\/div>\r\n        <\/div>\r\n        \t\t\t<\/div>\n\t\t<\/section>\n\t\t        <section class=\"elementor-section elementor-top-section elementor-element elementor-element-f0be8b1 elementor-section-boxed elementor-section-height-default elementor-section-height-default pxl-type-header-none pxl-bg-color-none pxl-row-scroll-none\" data-id=\"f0be8b1\" data-element_type=\"section\" data-e-type=\"section\">\n\n                \n                <div class=\"elementor-container elementor-column-gap-default \">\n                <div class=\"elementor-column elementor-col-100 elementor-top-column elementor-element elementor-element-5b7759e pxl-col-none pxl-column-none\" data-id=\"5b7759e\" data-element_type=\"column\" data-e-type=\"column\">\r\n        <div class=\"elementor-widget-wrap elementor-element-populated\">\r\n                     \r\n        \t\t<div class=\"elementor-element elementor-element-177caf6 elementor-widget elementor-widget-pxl_heading\" data-id=\"177caf6\" data-element_type=\"widget\" data-e-type=\"widget\" data-widget_type=\"pxl_heading.default\">\n\t\t\t\t<div class=\"elementor-widget-container\">\n\t\t\t\t\t<div class=\"pxl-heading\">\n\t<div class=\"pxl-heading--inner\">\n\t\t\t\t\t<div class=\"pxl-item--subtitle \" data-wow-delay=\"ms\"><span>Entre em contacto<\/span><\/div>\n\t\t\t\t<h2 class=\"pxl-item--title divider-none   style1\" data-wow-delay=\"ms\">\n\t\t\tEnvie-nos uma mensagem\t\t<\/h2>\n\t<\/div>\n<\/div>\t\t\t\t<\/div>\n\t\t\t\t<\/div>\n\t\t\t\t<div class=\"elementor-element elementor-element-2d0a7e7 elementor-widget elementor-widget-shortcode\" data-id=\"2d0a7e7\" data-element_type=\"widget\" data-e-type=\"widget\" data-widget_type=\"shortcode.default\">\n\t\t\t\t\t\t\t<div class=\"elementor-shortcode\"><div class='fluentform ff-default fluentform_wrapper_5 ffs_default_wrap'><form data-form_id=\"5\" id=\"fluentform_5\" class=\"frm-fluent-form fluent_form_5 ff-el-form-top ff_form_instance_5_1 ff-form-loading ffs_default\" data-form_instance=\"ff_form_instance_5_1\" method=\"POST\" ><fieldset  style=\"border: none!important;margin: 0!important;padding: 0!important;background-color: transparent!important;box-shadow: none!important;outline: none!important; min-inline-size: 100%;\">\n                    <legend class=\"ff_screen_reader_title\" style=\"display: block; margin: 0!important;padding: 0!important;height: 0!important;text-indent: -999999px;width: 0!important;overflow:hidden;\">Formul\u00e1rio de Contacto<\/legend><input type='hidden' name='__fluent_form_embded_post_id' value='120' \/><input type=\"hidden\" id=\"_fluentform_5_fluentformnonce\" name=\"_fluentform_5_fluentformnonce\" value=\"e47973ab13\" \/><input type=\"hidden\" name=\"_wp_http_referer\" value=\"\/en\/wp-json\/wp\/v2\/pages\/120\" \/><div data-type=\"name-element\" data-name=\"nome_completo\" class=\" ff-field_container ff-name-field-wrapper\" ><div class='ff-t-container'><div class='ff-t-cell '><div class='ff-el-group ff-el-form-top'><div class=\"ff-el-input--label asterisk-right\"><label for='ff_5_nome_completo_primeiro_nome_' id='label_ff_5_nome_completo_primeiro_nome_' aria-label=\"Primeiro Nome\">Primeiro Nome<\/label><\/div><div class='ff-el-input--content'><input type=\"text\" name=\"nome_completo[primeiro_nome]\" id=\"ff_5_nome_completo_primeiro_nome_\" class=\"ff-el-form-control\" placeholder=\"Primeiro Nome\" aria-invalid=\"false\" aria-required=false><\/div><\/div><\/div><div class='ff-t-cell '><div class='ff-el-group ff-el-form-top'><div class=\"ff-el-input--label asterisk-right\"><label for='ff_5_nome_completo_ultimo_nome_' id='label_ff_5_nome_completo_ultimo_nome_' aria-label=\"\u00daltimo Nome\">\u00daltimo Nome<\/label><\/div><div class='ff-el-input--content'><input type=\"text\" name=\"nome_completo[ultimo_nome]\" id=\"ff_5_nome_completo_ultimo_nome_\" class=\"ff-el-form-control\" placeholder=\"\u00daltimo Nome\" aria-invalid=\"false\" aria-required=false><\/div><\/div><\/div><\/div><\/div><div class='ff-el-group'><div class=\"ff-el-input--label ff-el-is-required asterisk-right\"><label for='ff_5_email' id='label_ff_5_email' aria-label=\"Email\">Email<\/label><\/div><div class='ff-el-input--content'><input type=\"email\" name=\"email\" id=\"ff_5_email\" class=\"ff-el-form-control\" placeholder=\"Endere\u00e7o de Email\" data-name=\"email\"  aria-invalid=\"false\" aria-required=true><\/div><\/div><div class='ff-el-group'><div class=\"ff-el-input--label ff-el-is-required asterisk-right\"><label for='ff_5_telefone' id='label_ff_5_telefone' aria-label=\"Telefone\">Telefone<\/label><\/div><div class='ff-el-input--content'><input name=\"telefone\" class=\"ff-el-form-control ff-el-phone ff_el_with_extended_validation\" type=\"tel\" placeholder=\"N\u00famero de Telefone\" data-name=\"telefone\" id=\"ff_5_telefone\" inputmode=\"tel\"  aria-invalid='false' aria-required=true><\/div><\/div><div class='ff-el-group'><div class=\"ff-el-input--label asterisk-right\"><label for='ff_5_empresa' id='label_ff_5_empresa' aria-label=\"Empresa\">Empresa<\/label><\/div><div class='ff-el-input--content'><input type=\"text\" name=\"empresa\" class=\"ff-el-form-control\" placeholder=\"Nome da Empresa\" data-name=\"empresa\" id=\"ff_5_empresa\"  aria-invalid=\"false\" aria-required=false><\/div><\/div><div class='ff-el-group'><div class=\"ff-el-input--label ff-el-is-required asterisk-right\"><label for='ff_5_servico_interesse' id='label_ff_5_servico_interesse' aria-label=\"Servi\u00e7o de Interesse\">Servi\u00e7o de Interesse<\/label><\/div><div class='ff-el-input--content'><select name=\"servico_interesse\" id=\"ff_5_servico_interesse\" class=\"ff-el-form-control\" data-name=\"servico_interesse\" data-calc_value=\"0\"  aria-invalid=\"false\" aria-required=\"true\" aria-labelledby=\"label_ff_5_servico_interesse\"><option value=\"\">- Selecione -<\/option><option value=\"criacao_sites\"  >Cria\u00e7\u00e3o de Sites<\/option><option value=\"branding\"  >Branding<\/option><option value=\"alojamento_web\"  >Alojamento Web<\/option><option value=\"emails_corporativos\"  >Emails Corporativos<\/option><option value=\"gestao_redes_sociais\"  >Gest\u00e3o de Redes Sociais<\/option><option value=\"sistemas_solucoes_digitais\"  >Sistemas e Solu\u00e7\u00f5es Digitais<\/option><\/select><\/div><\/div><div class='ff-el-group'><div class=\"ff-el-input--label ff-el-is-required asterisk-right\"><label for='ff_5_mensagem' id='label_ff_5_mensagem' aria-label=\"Mensagem\">Mensagem<\/label><\/div><div class='ff-el-input--content'><textarea aria-required=\"true\" aria-labelledby=\"label_ff_5_mensagem\" name=\"mensagem\" id=\"ff_5_mensagem\" class=\"ff-el-form-control\" placeholder=\"A sua mensagem...\" rows=\"5\" cols=\"2\" data-name=\"mensagem\" ><\/textarea><\/div><\/div><div class='ff-el-group    ff-el-input--content'><div class='ff-el-form-check ff-el-tc'><label aria-label='Eu consinto que este website armazene as minhas informa\u00e7\u00f5es submetidas para que possam responder \u00e0 minha quest\u00e3o.' class='ff-el-form-check-label ff_tc_label' for=gdpr-agreement_a0ee75d0374c6dead68d3652183dd775><span class='ff_tc_checkbox'><input type=\"checkbox\" name=\"gdpr-agreement\" class=\"ff-el-form-check-input ff_gdpr_field\" data-name=\"gdpr-agreement\" id=\"gdpr-agreement_a0ee75d0374c6dead68d3652183dd775\"  value='on' aria-invalid='false' aria-required=true><\/span> <div class='ff_t_c'>Eu consinto que este website armazene as minhas informa\u00e7\u00f5es submetidas para que possam responder \u00e0 minha quest\u00e3o.<\/div><\/label><\/div><\/div><div class='ff-el-group ff-text-left ff_submit_btn_wrapper'><button type=\"submit\" class=\"ff-btn ff-btn-submit ff-btn-md ff_btn_style wpf_has_custom_css\"  aria-label=\"Enviar formul\u00e1rio\">Enviar formul\u00e1rio<\/button><\/div><\/fieldset><\/form><div id='fluentform_5_errors' class='ff-errors-in-stack ff_form_instance_5_1 ff-form-loading_errors ff_form_instance_5_1_errors'><\/div><\/div>            <script type=\"text\/javascript\">\n                window.fluent_form_ff_form_instance_5_1 = {\"id\":\"5\",\"settings\":{\"layout\":{\"labelPlacement\":\"top\",\"asteriskPlacement\":\"asterisk-right\",\"helpMessagePlacement\":\"with_label\",\"errorMessagePlacement\":\"inline\",\"cssClassName\":\"\"},\"restrictions\":{\"denyEmptySubmission\":{\"enabled\":false}}},\"form_instance\":\"ff_form_instance_5_1\",\"form_id_selector\":\"fluentform_5\",\"rules\":{\"nome_completo[primeiro_nome]\":{\"required\":{\"value\":false,\"message\":\"This field is required\",\"global_message\":\"Este campo \\u00e9 obrigat\\u00f3rio\",\"global\":true}},\"nome_completo[middle_name]\":{\"required\":{\"value\":false,\"message\":\"This field is required\",\"global_message\":\"Este campo \\u00e9 obrigat\\u00f3rio\",\"global\":true}},\"nome_completo[ultimo_nome]\":{\"required\":{\"value\":false,\"message\":\"This field is required\",\"global_message\":\"Este campo \\u00e9 obrigat\\u00f3rio\",\"global\":true}},\"email\":{\"required\":{\"value\":true,\"message\":\"This field is required\",\"global_message\":\"Este campo \\u00e9 obrigat\\u00f3rio\",\"global\":true},\"email\":{\"value\":true,\"message\":\"This field must contain a valid email\",\"global_message\":\"Este campo deve conter um e-mail v\\u00e1lido.\",\"global\":true}},\"telefone\":{\"required\":{\"value\":true,\"global\":true,\"message\":\"This field is required\",\"global_message\":\"Este campo \\u00e9 obrigat\\u00f3rio\"},\"valid_phone_number\":{\"value\":true,\"global\":true,\"message\":\"Phone number is not valid\",\"global_message\":\"O n\\u00famero de telefone n\\u00e3o \\u00e9 v\\u00e1lido.\"}},\"empresa\":{\"required\":{\"value\":false,\"message\":\"This field is required\",\"global_message\":\"Este campo \\u00e9 obrigat\\u00f3rio\",\"global\":true}},\"servico_interesse\":{\"required\":{\"value\":true,\"message\":\"This field is required\",\"global_message\":\"Este campo \\u00e9 obrigat\\u00f3rio\",\"global\":true}},\"mensagem\":{\"required\":{\"value\":true,\"message\":\"This field is required\",\"global_message\":\"Este campo \\u00e9 obrigat\\u00f3rio\",\"global\":true}},\"gdpr-agreement\":{\"required\":{\"value\":true,\"message\":\"This field is required\",\"global_message\":\"Este campo \\u00e9 obrigat\\u00f3rio\",\"global\":true}}},\"debounce_time\":300};\n                            <\/script>\n            <\/div>\n\t\t\t\t\t\t<\/div>\n\t\t            <\/div>\r\n        <\/div>\r\n        \t\t\t<\/div>\n\t\t<\/section>\n\t\t\t\t<\/div>\n\t\t","protected":false},"excerpt":{"rendered":"<p>Precisa do Nosso Suporte A nossa equipa est\u00e1 dispon\u00edvel para o apoiar. Desde quest\u00f5es gerais at\u00e9 pedidos espec\u00edficos relacionados com suporte t\u00e9cnico, garantimos um acompanhamento r\u00e1pido, claro e eficiente. Torne-se Nosso Cliente Pode beneficiar das nossas solu\u00e7\u00f5es completas, optimizar custos e aceder a suporte profissional dedicado. Junte-se a n\u00f3s e leve a sua presen\u00e7a digital [&hellip;]<\/p>\n","protected":false},"author":2,"featured_media":0,"parent":0,"menu_order":0,"comment_status":"closed","ping_status":"closed","template":"","meta":{"footnotes":""},"class_list":["post-120","page","type-page","status-publish","hentry"],"_links":{"self":[{"href":"https:\/\/muds.ao\/en\/wp-json\/wp\/v2\/pages\/120","targetHints":{"allow":["GET"]}}],"collection":[{"href":"https:\/\/muds.ao\/en\/wp-json\/wp\/v2\/pages"}],"about":[{"href":"https:\/\/muds.ao\/en\/wp-json\/wp\/v2\/types\/page"}],"author":[{"embeddable":true,"href":"https:\/\/muds.ao\/en\/wp-json\/wp\/v2\/users\/2"}],"replies":[{"embeddable":true,"href":"https:\/\/muds.ao\/en\/wp-json\/wp\/v2\/comments?post=120"}],"version-history":[{"count":40,"href":"https:\/\/muds.ao\/en\/wp-json\/wp\/v2\/pages\/120\/revisions"}],"predecessor-version":[{"id":11301,"href":"https:\/\/muds.ao\/en\/wp-json\/wp\/v2\/pages\/120\/revisions\/11301"}],"wp:attachment":[{"href":"https:\/\/muds.ao\/en\/wp-json\/wp\/v2\/media?parent=120"}],"curies":[{"name":"wp","href":"https:\/\/api.w.org\/{rel}","templated":true}]}}