{"id":104,"date":"2022-09-16T07:06:25","date_gmt":"2022-09-16T07:06:25","guid":{"rendered":"http:\/\/localhost\/printco\/?page_id=104"},"modified":"2025-11-24T20:44:07","modified_gmt":"2025-11-24T20:44:07","slug":"faqs","status":"publish","type":"page","link":"https:\/\/muds.ao\/en\/faqs\/","title":{"rendered":"Faqs"},"content":{"rendered":"<div data-elementor-type=\"wp-page\" data-elementor-id=\"104\" class=\"elementor elementor-104\" data-elementor-post-type=\"page\">\n\t\t\t\t        <section class=\"elementor-section elementor-top-section elementor-element elementor-element-0784cc6 elementor-section-boxed elementor-section-height-default elementor-section-height-default pxl-type-header-none pxl-bg-color-none pxl-row-scroll-none\" data-id=\"0784cc6\" data-element_type=\"section\" data-e-type=\"section\">\n\n                \n                <div class=\"elementor-container elementor-column-gap-default\">\n                <div class=\"elementor-column elementor-col-100 elementor-top-column elementor-element elementor-element-5634512 pxl-col-none pxl-column-none\" data-id=\"5634512\" data-element_type=\"column\" data-e-type=\"column\">\r\n        <div class=\"elementor-widget-wrap elementor-element-populated\">\r\n                     \r\n        \t\t<div class=\"elementor-element elementor-element-c37dd21 elementor-widget elementor-widget-pxl_heading\" data-id=\"c37dd21\" data-element_type=\"widget\" data-e-type=\"widget\" data-widget_type=\"pxl_heading.default\">\n\t\t\t\t<div class=\"elementor-widget-container\">\n\t\t\t\t\t<div class=\"pxl-heading\">\n\t<div class=\"pxl-heading--inner\">\n\t\t\t\t\t<div class=\"pxl-item--subtitle\" data-wow-delay=\"ms\"><span>FAQ \u2013 Frequently Asked Questions<\/span><\/div>\n\t\t\t\t<h2 class=\"pxl-item--title divider-none   style1\" data-wow-delay=\"ms\">\n\t\t\t\t\t\t\t\t\t\t\t\t\t<span class=\"pxl-item--text\">\n\t\t\t            <span class=\"pxl-text--slide\"><span class=\"wow letter\">He has<\/span><\/span> <span class=\"pxl-text--slide\"><span class=\"wow letter\">some<\/span><\/span> <span class=\"pxl-text--slide\"><span class=\"wow letter\">doubt<\/span><\/span> <span class=\"pxl-text--slide\"><span class=\"wow letter\">on<\/span><\/span> <span class=\"pxl-text--slide\"><span class=\"wow letter\">you<\/span><\/span> <span class=\"pxl-text--slide\"><span class=\"wow letter\">ours<\/span><\/span> <span class=\"pxl-text--slide\"><span class=\"wow letter\">Services?<\/span><\/span> <span class=\"pxl-text--slide\"><span class=\"wow letter\">Leave us<\/span><\/span> <span class=\"pxl-text--slide\"><span class=\"wow letter\">to know!<\/span><\/span>\t\t\t        <\/span>\n\t\t\t\t\t\t<\/h2>\n\t<\/div>\n<\/div>\t\t\t\t<\/div>\n\t\t\t\t<\/div>\n\t\t        <section class=\"elementor-section elementor-inner-section elementor-element elementor-element-2d3956c elementor-section-boxed elementor-section-height-default elementor-section-height-default pxl-type-header-none pxl-bg-color-none pxl-row-scroll-none\" data-id=\"2d3956c\" data-element_type=\"section\" data-e-type=\"section\">\n\n                \n                <div class=\"elementor-container elementor-column-gap-default\">\n                <div class=\"elementor-column elementor-col-50 elementor-inner-column elementor-element elementor-element-f0901bf pxl-col-none pxl-column-none\" data-id=\"f0901bf\" data-element_type=\"column\" data-e-type=\"column\">\r\n        <div class=\"elementor-widget-wrap elementor-element-populated\">\r\n                     \r\n        \t\t<div class=\"elementor-element elementor-element-8ea74ec elementor-widget elementor-widget-pxl_accordion\" data-id=\"8ea74ec\" data-element_type=\"widget\" data-e-type=\"widget\" data-widget_type=\"pxl_accordion.default\">\n\t\t\t\t<div class=\"elementor-widget-container\">\n\t\t\t\t\t    <div class=\"pxl-accordion pxl-accordion1 style1\" data-wow-delay=\"ms\">\r\n                    <div class=\"pxl--item\">\r\n                <h6 class=\"pxl-item--title\" data-target=\"#pxl-accordion-ca34ac1pxl_accordion-8ea74ec-8402\">\r\n                    <span>1. What is MUDS and what exactly does it do?<\/span>\r\n                <\/h6>\r\n                <div id=\"pxl-accordion-ca34ac1pxl_accordion-8ea74ec-8402\" class=\"pxl-item--content\" >MUDS is a digital agency specializing in website creation, branding, web hosting, corporate emails, social media management, and digital systems and solutions for businesses. We help brands grow with accessible technology and strategic communication.<\/div>\r\n            <\/div>\r\n                    <div class=\"pxl--item active\">\r\n                <h6 class=\"pxl-item--title\" data-target=\"#pxl-accordion-936973apxl_accordion-8ea74ec-8402\">\r\n                    <span>2. Can I register my domain directly with you?<\/span>\r\n                <\/h6>\r\n                <div id=\"pxl-accordion-936973apxl_accordion-8ea74ec-8402\" class=\"pxl-item--content\" style=\"display: block;\">Yes. We handle the entire domain registration, renewal, and management process. Simply choose your desired name, and we'll take care of the rest, as it should be.<\/div>\r\n            <\/div>\r\n                    <div class=\"pxl--item\">\r\n                <h6 class=\"pxl-item--title\" data-target=\"#pxl-accordion-e2e7817pxl_accordion-8ea74ec-8402\">\r\n                    <span>3. Does MUDS only create websites, or can it manage everything for my company?<\/span>\r\n                <\/h6>\r\n                <div id=\"pxl-accordion-e2e7817pxl_accordion-8ea74ec-8402\" class=\"pxl-item--content\" >We can manage everything if you wish: website, hosting, corporate emails, social media, branding, systems, and ongoing support. If you only want a standalone service, that's also possible.<\/div>\r\n            <\/div>\r\n                    <div class=\"pxl--item\">\r\n                <h6 class=\"pxl-item--title\" data-target=\"#pxl-accordion-3e4cf29pxl_accordion-8ea74ec-8402\">\r\n                    <span>4. How long does it take to create a website?<\/span>\r\n                <\/h6>\r\n                <div id=\"pxl-accordion-3e4cf29pxl_accordion-8ea74ec-8402\" class=\"pxl-item--content\" >It depends on the type of project.<br \/>\n<br \/>\nSimple websites: 5 to 10 days.<br \/>\n<br \/>\nComplete corporate websites: 10 to 35 days.<br \/>\n<br \/>\nCustomized systems: timeframe defined after analysis.<\/div>\r\n            <\/div>\r\n                    <div class=\"pxl--item\">\r\n                <h6 class=\"pxl-item--title\" data-target=\"#pxl-accordion-09c6e5apxl_accordion-8ea74ec-8402\">\r\n                    <span>5. Do you offer technical support?<\/span>\r\n                <\/h6>\r\n                <div id=\"pxl-accordion-09c6e5apxl_accordion-8ea74ec-8402\" class=\"pxl-item--content\" >Yes. We have 24\/7 email support and telephone support during business hours. Quick responses and ongoing follow-up.<\/div>\r\n            <\/div>\r\n                    <div class=\"pxl--item\">\r\n                <h6 class=\"pxl-item--title\" data-target=\"#pxl-accordion-381db3fpxl_accordion-8ea74ec-8402\">\r\n                    <span>6. Does the accommodation include corporate email?<\/span>\r\n                <\/h6>\r\n                <div id=\"pxl-accordion-381db3fpxl_accordion-8ea74ec-8402\" class=\"pxl-item--content\" >Yes. All our hosting plans include corporate email, with configurable capacity and professional integration.<\/div>\r\n            <\/div>\r\n            <\/div>\r\n\t\t\t\t<\/div>\n\t\t\t\t<\/div>\n\t\t            <\/div>\r\n        <\/div>\r\n                <div class=\"elementor-column elementor-col-50 elementor-inner-column elementor-element elementor-element-a838ce5 pxl-col-none pxl-column-none\" data-id=\"a838ce5\" data-element_type=\"column\" data-e-type=\"column\">\r\n        <div class=\"elementor-widget-wrap elementor-element-populated\">\r\n                     \r\n        \t\t<div class=\"elementor-element elementor-element-f3ef141 elementor-widget elementor-widget-pxl_accordion\" data-id=\"f3ef141\" data-element_type=\"widget\" data-e-type=\"widget\" data-widget_type=\"pxl_accordion.default\">\n\t\t\t\t<div class=\"elementor-widget-container\">\n\t\t\t\t\t    <div class=\"pxl-accordion pxl-accordion1 style1\" data-wow-delay=\"ms\">\r\n                    <div class=\"pxl--item\">\r\n                <h6 class=\"pxl-item--title\" data-target=\"#pxl-accordion-e84eb06pxl_accordion-f3ef141-9114\">\r\n                    <span>7. What do I need to start developing my website?<\/span>\r\n                <\/h6>\r\n                <div id=\"pxl-accordion-e84eb06pxl_accordion-f3ef141-9114\" class=\"pxl-item--content\" >Just:<br \/>\n<br \/>\nCompany name<br \/>\n<br \/>\nLogo (if applicable)<br \/>\n<br \/>\nTexts or information you wish to highlight<br \/>\n<br \/>\nIndication of references or visual style.<br \/>\n<br \/>\nIf you have nothing, we'll create everything with you.<\/div>\r\n            <\/div>\r\n                    <div class=\"pxl--item\">\r\n                <h6 class=\"pxl-item--title\" data-target=\"#pxl-accordion-d7bcd99pxl_accordion-f3ef141-9114\">\r\n                    <span>8. If I already have a website, can you provide maintenance?<\/span>\r\n                <\/h6>\r\n                <div id=\"pxl-accordion-d7bcd99pxl_accordion-f3ef141-9114\" class=\"pxl-item--content\" >Yes. We provide maintenance, updates, improvements, and security audits, even if the website was created by another agency.<\/div>\r\n            <\/div>\r\n                    <div class=\"pxl--item\">\r\n                <h6 class=\"pxl-item--title\" data-target=\"#pxl-accordion-27cc003pxl_accordion-f3ef141-9114\">\r\n                    <span>9. Are payments monthly or annually?<\/span>\r\n                <\/h6>\r\n                <div id=\"pxl-accordion-27cc003pxl_accordion-f3ef141-9114\" class=\"pxl-item--content\" >We have monthly and annual plans. For hosting and domains, the annual option is the most popular and offers better conditions.<\/div>\r\n            <\/div>\r\n                    <div class=\"pxl--item\">\r\n                <h6 class=\"pxl-item--title\" data-target=\"#pxl-accordion-04e541epxl_accordion-f3ef141-9114\">\r\n                    <span>10. Can I cancel the services whenever I want?<\/span>\r\n                <\/h6>\r\n                <div id=\"pxl-accordion-04e541epxl_accordion-f3ef141-9114\" class=\"pxl-item--content\" >Yes. You can cancel at any time.<br \/>\nHowever:<br \/>\n<br \/>\nDomains are non-refundable after registration.<br \/>\n<br \/>\nCreative and technical services are non-refundable after work has begun.<\/div>\r\n            <\/div>\r\n                    <div class=\"pxl--item\">\r\n                <h6 class=\"pxl-item--title\" data-target=\"#pxl-accordion-bd133d3pxl_accordion-f3ef141-9114\">\r\n                    <span>11. Are my data and files safe with you?<\/span>\r\n                <\/h6>\r\n                <div id=\"pxl-accordion-bd133d3pxl_accordion-f3ef141-9114\" class=\"pxl-item--content\" >Yes. We use secure servers, encryption, backups, and active protection to ensure the complete security of your data and your website.<\/div>\r\n            <\/div>\r\n                    <div class=\"pxl--item\">\r\n                <h6 class=\"pxl-item--title\" data-target=\"#pxl-accordion-cbf04aepxl_accordion-f3ef141-9114\">\r\n                    <span>12. Does MUDS work with companies outside of Angola?<\/span>\r\n                <\/h6>\r\n                <div id=\"pxl-accordion-cbf04aepxl_accordion-f3ef141-9114\" class=\"pxl-item--content\" >Yes. We work with Angolan, Portuguese, and international companies. All services can be delivered remotely.<\/div>\r\n            <\/div>\r\n            <\/div>\r\n\t\t\t\t<\/div>\n\t\t\t\t<\/div>\n\t\t            <\/div>\r\n        <\/div>\r\n        \t\t\t<\/div>\n\t\t<\/section>\n\t\t            <\/div>\r\n        <\/div>\r\n        \t\t\t<\/div>\n\t\t<\/section>\n\t\t\t\t<\/div>","protected":false},"excerpt":{"rendered":"<p>FAQ \u2013 Perguntas Frequentes Tem alguma d\u00favida sobre os nossos servi\u00e7os? Deixa-nos saber! 1. O que \u00e9 a MUDS e o que faz exatamente? A MUDS \u00e9 uma ag\u00eancia digital especializada em cria\u00e7\u00e3o de sites, branding, alojamento web, emails corporativos, gest\u00e3o de redes sociais, sistemas e solu\u00e7\u00f5es digitais para empresas. Ajudamos marcas a crescer com [&hellip;]<\/p>\n","protected":false},"author":2,"featured_media":0,"parent":0,"menu_order":0,"comment_status":"closed","ping_status":"closed","template":"","meta":{"footnotes":""},"class_list":["post-104","page","type-page","status-publish","hentry"],"_links":{"self":[{"href":"https:\/\/muds.ao\/en\/wp-json\/wp\/v2\/pages\/104","targetHints":{"allow":["GET"]}}],"collection":[{"href":"https:\/\/muds.ao\/en\/wp-json\/wp\/v2\/pages"}],"about":[{"href":"https:\/\/muds.ao\/en\/wp-json\/wp\/v2\/types\/page"}],"author":[{"embeddable":true,"href":"https:\/\/muds.ao\/en\/wp-json\/wp\/v2\/users\/2"}],"replies":[{"embeddable":true,"href":"https:\/\/muds.ao\/en\/wp-json\/wp\/v2\/comments?post=104"}],"version-history":[{"count":9,"href":"https:\/\/muds.ao\/en\/wp-json\/wp\/v2\/pages\/104\/revisions"}],"predecessor-version":[{"id":10360,"href":"https:\/\/muds.ao\/en\/wp-json\/wp\/v2\/pages\/104\/revisions\/10360"}],"wp:attachment":[{"href":"https:\/\/muds.ao\/en\/wp-json\/wp\/v2\/media?parent=104"}],"curies":[{"name":"wp","href":"https:\/\/api.w.org\/{rel}","templated":true}]}}