{"id":10031,"date":"2025-09-22T10:58:24","date_gmt":"2025-09-22T10:58:24","guid":{"rendered":"https:\/\/muds.ao\/?page_id=10031"},"modified":"2026-02-27T02:55:58","modified_gmt":"2026-02-27T02:55:58","slug":"reembolsos-e-cancelamentos","status":"publish","type":"page","link":"https:\/\/muds.ao\/en\/reembolsos-e-cancelamentos\/","title":{"rendered":"Refunds and Cancellations"},"content":{"rendered":"<div data-elementor-type=\"wp-page\" data-elementor-id=\"10031\" class=\"elementor elementor-10031\" data-elementor-post-type=\"page\">\n\t\t\t\t<div class=\"elementor-element elementor-element-74fb1e0 e-flex e-con-boxed e-con e-parent\" data-id=\"74fb1e0\" data-element_type=\"container\" data-e-type=\"container\">\t\t\t<div class=\"e-con-inner\">\r\n\t\t\t\t<div class=\"elementor-element elementor-element-756025c elementor-widget elementor-widget-heading\" data-id=\"756025c\" data-element_type=\"widget\" data-e-type=\"widget\" data-widget_type=\"heading.default\">\n\t\t\t\t\t<h2 class=\"elementor-heading-title elementor-size-default\">Refund and Cancellation Policy<\/h2>\t\t\t\t<\/div>\n\t\t\t\t<div class=\"elementor-element elementor-element-e9c2dff elementor-widget elementor-widget-text-editor\" data-id=\"e9c2dff\" data-element_type=\"widget\" data-e-type=\"widget\" data-widget_type=\"text-editor.default\">\n\t\t\t\t\t\t\t\t\t<p><strong>Digital Services<\/strong><\/p><p>Given the personalized nature of the services (design, web development, applications), no refunds will be made after the project has begun.<\/p><p><strong>Hosting and Domains<\/strong><\/p><ul><li>Servi\u00e7os de alojamento podem ser cancelados mediante aviso pr\u00e9vio.<\/li><li>Dom\u00ednios registados n\u00e3o s\u00e3o reembols\u00e1veis.<\/li><\/ul><p><strong>Cancellation by the Customer<\/strong><\/p><p>If the client interrupts the project:<\/p><ul><li>Amounts paid to date are non-refundable.<\/li><li>The work produced so far will be delivered.<\/li><\/ul>\t\t\t\t\t\t\t\t<\/div>\n\t\t\t\t\t<\/div>\r\n\t\t\t\t<\/div>\r\n\t\t\t\t<\/div>","protected":false},"excerpt":{"rendered":"<p>Pol\u00edtica de Reembolsos e Cancelamentos Servi\u00e7os Digitais Dado o car\u00e1cter personalizado dos servi\u00e7os (design, desenvolvimento web, aplica\u00e7\u00f5es), n\u00e3o s\u00e3o efectuados reembolsos ap\u00f3s in\u00edcio do projecto. Hospedagem e Dom\u00ednios Servi\u00e7os de alojamento podem ser cancelados mediante aviso pr\u00e9vio. Dom\u00ednios registados n\u00e3o s\u00e3o reembols\u00e1veis. Cancelamento por Parte do Cliente Caso o cliente interrompa o projecto: Valores pagos [&hellip;]<\/p>\n","protected":false},"author":2,"featured_media":0,"parent":0,"menu_order":0,"comment_status":"closed","ping_status":"closed","template":"","meta":{"footnotes":""},"class_list":["post-10031","page","type-page","status-publish","hentry"],"_links":{"self":[{"href":"https:\/\/muds.ao\/en\/wp-json\/wp\/v2\/pages\/10031","targetHints":{"allow":["GET"]}}],"collection":[{"href":"https:\/\/muds.ao\/en\/wp-json\/wp\/v2\/pages"}],"about":[{"href":"https:\/\/muds.ao\/en\/wp-json\/wp\/v2\/types\/page"}],"author":[{"embeddable":true,"href":"https:\/\/muds.ao\/en\/wp-json\/wp\/v2\/users\/2"}],"replies":[{"embeddable":true,"href":"https:\/\/muds.ao\/en\/wp-json\/wp\/v2\/comments?post=10031"}],"version-history":[{"count":7,"href":"https:\/\/muds.ao\/en\/wp-json\/wp\/v2\/pages\/10031\/revisions"}],"predecessor-version":[{"id":11081,"href":"https:\/\/muds.ao\/en\/wp-json\/wp\/v2\/pages\/10031\/revisions\/11081"}],"wp:attachment":[{"href":"https:\/\/muds.ao\/en\/wp-json\/wp\/v2\/media?parent=10031"}],"curies":[{"name":"wp","href":"https:\/\/api.w.org\/{rel}","templated":true}]}}