{"id":10029,"date":"2025-09-22T10:57:49","date_gmt":"2025-09-22T10:57:49","guid":{"rendered":"https:\/\/muds.ao\/?page_id=10029"},"modified":"2026-03-06T17:35:46","modified_gmt":"2026-03-06T17:35:46","slug":"contrato","status":"publish","type":"page","link":"https:\/\/muds.ao\/en\/contrato\/","title":{"rendered":"Contract"},"content":{"rendered":"<div data-elementor-type=\"wp-page\" data-elementor-id=\"10029\" class=\"elementor elementor-10029\" data-elementor-post-type=\"page\">\n\t\t\t\t<div class=\"elementor-element elementor-element-0dd5846 e-flex e-con-boxed e-con e-parent\" data-id=\"0dd5846\" data-element_type=\"container\" data-e-type=\"container\">\t\t\t<div class=\"e-con-inner\">\r\n\t\t\t\t<div class=\"elementor-element elementor-element-4eb0015 elementor-widget elementor-widget-heading\" data-id=\"4eb0015\" data-element_type=\"widget\" data-e-type=\"widget\" data-widget_type=\"heading.default\">\n\t\t\t\t\t<h2 class=\"elementor-heading-title elementor-size-default\">Service Agreement<\/h2>\t\t\t\t<\/div>\n\t\t\t\t<div class=\"elementor-element elementor-element-b8704b2 elementor-widget elementor-widget-text-editor\" data-id=\"b8704b2\" data-element_type=\"widget\" data-e-type=\"widget\" data-widget_type=\"text-editor.default\">\n\t\t\t\t\t\t\t\t\t<p>This contract governs the provision of services between MUDS and the Client.<\/p>\t\t\t\t\t\t\t\t<\/div>\n\t\t\t\t<div class=\"elementor-element elementor-element-14cb4cc elementor-widget elementor-widget-text-editor\" data-id=\"14cb4cc\" data-element_type=\"widget\" data-e-type=\"widget\" data-widget_type=\"text-editor.default\">\n\t\t\t\t\t\t\t\t\t<p><strong>1. Object<\/strong><\/p><p>MUDS undertakes to provide the services described in the approved commercial proposal.<\/p><p><strong>2. Payments<\/strong><\/p><ul><li>Payment will be made according to the terms agreed upon in the proposal.<\/li><li>In case of delay, penalties may apply.<\/li><\/ul><p><strong>3. Deadlines<\/strong><\/p><p>The deadlines begin after payment confirmation and delivery of all necessary materials.<\/p><p><strong>4. Intellectual Property<\/strong><\/p><p>Os direitos sobre o trabalho final s\u00e3o transferidos ao cliente, caso o mesmo solicitar e, ap\u00f3s um acordo comercial e o\u00a0 pagamento integral for efetuado.<\/p><p><strong>5. Termination<\/strong><\/p><p>Either party may terminate the contract by giving 30 days' notice.<\/p>\t\t\t\t\t\t\t\t<\/div>\n\t\t\t\t\t<\/div>\r\n\t\t\t\t<\/div>\r\n\t\t\t\t<\/div>","protected":false},"excerpt":{"rendered":"<p>Contrato de Presta\u00e7\u00e3o de Servi\u00e7os Este contrato regula a presta\u00e7\u00e3o de servi\u00e7os entre a MUDS e o Cliente. 1. Objeto A MUDS compromete-se a prestar os servi\u00e7os descritos na proposta comercial aprovada. 2. Pagamentos O pagamento ser\u00e1 efectuado conforme condi\u00e7\u00f5es acordadas na proposta. Em caso de atraso, poder\u00e3o aplicar-se penaliza\u00e7\u00f5es. 3. Prazos Os prazos iniciam-se [&hellip;]<\/p>\n","protected":false},"author":2,"featured_media":0,"parent":0,"menu_order":0,"comment_status":"closed","ping_status":"closed","template":"","meta":{"footnotes":""},"class_list":["post-10029","page","type-page","status-publish","hentry"],"_links":{"self":[{"href":"https:\/\/muds.ao\/en\/wp-json\/wp\/v2\/pages\/10029","targetHints":{"allow":["GET"]}}],"collection":[{"href":"https:\/\/muds.ao\/en\/wp-json\/wp\/v2\/pages"}],"about":[{"href":"https:\/\/muds.ao\/en\/wp-json\/wp\/v2\/types\/page"}],"author":[{"embeddable":true,"href":"https:\/\/muds.ao\/en\/wp-json\/wp\/v2\/users\/2"}],"replies":[{"embeddable":true,"href":"https:\/\/muds.ao\/en\/wp-json\/wp\/v2\/comments?post=10029"}],"version-history":[{"count":13,"href":"https:\/\/muds.ao\/en\/wp-json\/wp\/v2\/pages\/10029\/revisions"}],"predecessor-version":[{"id":11288,"href":"https:\/\/muds.ao\/en\/wp-json\/wp\/v2\/pages\/10029\/revisions\/11288"}],"wp:attachment":[{"href":"https:\/\/muds.ao\/en\/wp-json\/wp\/v2\/media?parent=10029"}],"curies":[{"name":"wp","href":"https:\/\/api.w.org\/{rel}","templated":true}]}}