{"id":10027,"date":"2025-09-22T10:57:21","date_gmt":"2025-09-22T10:57:21","guid":{"rendered":"https:\/\/muds.ao\/?page_id=10027"},"modified":"2026-02-27T02:53:08","modified_gmt":"2026-02-27T02:53:08","slug":"aviso-legal","status":"publish","type":"page","link":"https:\/\/muds.ao\/en\/aviso-legal\/","title":{"rendered":"Legal Notice"},"content":{"rendered":"<div data-elementor-type=\"wp-page\" data-elementor-id=\"10027\" class=\"elementor elementor-10027\" data-elementor-post-type=\"page\">\n\t\t\t\t<div class=\"elementor-element elementor-element-8d86d10 e-flex e-con-boxed e-con e-parent\" data-id=\"8d86d10\" data-element_type=\"container\" data-e-type=\"container\">\t\t\t<div class=\"e-con-inner\">\r\n\t\t\t\t<div class=\"elementor-element elementor-element-2bad73f elementor-widget elementor-widget-heading\" data-id=\"2bad73f\" data-element_type=\"widget\" data-e-type=\"widget\" data-widget_type=\"heading.default\">\n\t\t\t\t\t<h2 class=\"elementor-heading-title elementor-size-default\">Legal Notice<\/h2>\t\t\t\t<\/div>\n\t\t\t\t<div class=\"elementor-element elementor-element-93e24de elementor-widget elementor-widget-text-editor\" data-id=\"93e24de\" data-element_type=\"widget\" data-e-type=\"widget\" data-widget_type=\"text-editor.default\">\n\t\t\t\t\t\t\t\t\t<p data-start=\"4651\" data-end=\"4763\">The information provided on this website is for informational purposes only and may be changed without notice.<\/p><p data-start=\"4765\" data-end=\"4854\">MUDS reserves the right to modify content, prices, and services at any time.<\/p><p data-start=\"4856\" data-end=\"4929\">Use of this website implies full acceptance of the conditions described herein.<\/p>\t\t\t\t\t\t\t\t<\/div>\n\t\t\t\t\t<\/div>\r\n\t\t\t\t<\/div>\r\n\t\t\t\t<\/div>","protected":false},"excerpt":{"rendered":"<p>Aviso Legal As informa\u00e7\u00f5es disponibilizadas neste website s\u00e3o meramente informativas e podem ser alteradas sem aviso pr\u00e9vio. A MUDS reserva-se o direito de modificar conte\u00fados, pre\u00e7os e servi\u00e7os a qualquer momento. O uso do website implica aceita\u00e7\u00e3o integral das condi\u00e7\u00f5es aqui descritas.<\/p>","protected":false},"author":2,"featured_media":0,"parent":0,"menu_order":0,"comment_status":"closed","ping_status":"closed","template":"","meta":{"footnotes":""},"class_list":["post-10027","page","type-page","status-publish","hentry"],"_links":{"self":[{"href":"https:\/\/muds.ao\/en\/wp-json\/wp\/v2\/pages\/10027","targetHints":{"allow":["GET"]}}],"collection":[{"href":"https:\/\/muds.ao\/en\/wp-json\/wp\/v2\/pages"}],"about":[{"href":"https:\/\/muds.ao\/en\/wp-json\/wp\/v2\/types\/page"}],"author":[{"embeddable":true,"href":"https:\/\/muds.ao\/en\/wp-json\/wp\/v2\/users\/2"}],"replies":[{"embeddable":true,"href":"https:\/\/muds.ao\/en\/wp-json\/wp\/v2\/comments?post=10027"}],"version-history":[{"count":10,"href":"https:\/\/muds.ao\/en\/wp-json\/wp\/v2\/pages\/10027\/revisions"}],"predecessor-version":[{"id":11078,"href":"https:\/\/muds.ao\/en\/wp-json\/wp\/v2\/pages\/10027\/revisions\/11078"}],"wp:attachment":[{"href":"https:\/\/muds.ao\/en\/wp-json\/wp\/v2\/media?parent=10027"}],"curies":[{"name":"wp","href":"https:\/\/api.w.org\/{rel}","templated":true}]}}