{"id":10025,"date":"2025-09-22T10:56:26","date_gmt":"2025-09-22T10:56:26","guid":{"rendered":"https:\/\/muds.ao\/?page_id=10025"},"modified":"2026-02-27T02:50:09","modified_gmt":"2026-02-27T02:50:09","slug":"politica-de-cookies","status":"publish","type":"page","link":"https:\/\/muds.ao\/en\/politica-de-cookies\/","title":{"rendered":"Cookie Policy"},"content":{"rendered":"<div data-elementor-type=\"wp-page\" data-elementor-id=\"10025\" class=\"elementor elementor-10025\" data-elementor-post-type=\"page\">\n\t\t\t\t<div class=\"elementor-element elementor-element-c962ad8 e-flex e-con-boxed e-con e-parent\" data-id=\"c962ad8\" data-element_type=\"container\" data-e-type=\"container\">\t\t\t<div class=\"e-con-inner\">\r\n\t\t\t\t<div class=\"elementor-element elementor-element-7a28b38 elementor-widget elementor-widget-heading\" data-id=\"7a28b38\" data-element_type=\"widget\" data-e-type=\"widget\" data-widget_type=\"heading.default\">\n\t\t\t\t\t<h2 class=\"elementor-heading-title elementor-size-default\">Cookie Policy<\/h2>\t\t\t\t<\/div>\n\t\t\t\t<div class=\"elementor-element elementor-element-d3c889a elementor-widget elementor-widget-text-editor\" data-id=\"d3c889a\" data-element_type=\"widget\" data-e-type=\"widget\" data-widget_type=\"text-editor.default\">\n\t\t\t\t\t\t\t\t\t<p>This website uses cookies to improve your browsing experience.<\/p>\t\t\t\t\t\t\t\t<\/div>\n\t\t\t\t<div class=\"elementor-element elementor-element-95fd2c7 elementor-widget elementor-widget-text-editor\" data-id=\"95fd2c7\" data-element_type=\"widget\" data-e-type=\"widget\" data-widget_type=\"text-editor.default\">\n\t\t\t\t\t\t\t\t\t<p><strong>What are cookies?<\/strong><\/p><p>Cookies are small files stored on the user's device that allow the site to recognize preferences and improve performance.<\/p><p><strong>Types of Cookies Used<\/strong><\/p><ul><li>Essential Cookies<\/li><li>Performance cookies<\/li><li>Marketing cookies (where applicable)<\/li><\/ul><p><strong>Cookie Management<\/strong><\/p><p>Users can configure their browser to refuse or delete cookies at any time.<\/p>\t\t\t\t\t\t\t\t<\/div>\n\t\t\t\t\t<\/div>\r\n\t\t\t\t<\/div>\r\n\t\t\t\t<\/div>","protected":false},"excerpt":{"rendered":"<p>Pol\u00edtica de Cookies Este website utiliza cookies para melhorar a experi\u00eancia de navega\u00e7\u00e3o. O que s\u00e3o Cookies? Cookies s\u00e3o pequenos ficheiros armazenados no dispositivo do utilizador que permitem reconhecer prefer\u00eancias e melhorar o desempenho do site. Tipos de Cookies Utilizados Cookies essenciais Cookies de desempenho Cookies de marketing (quando aplic\u00e1vel) Gest\u00e3o de Cookies O utilizador [&hellip;]<\/p>\n","protected":false},"author":2,"featured_media":0,"parent":0,"menu_order":0,"comment_status":"closed","ping_status":"closed","template":"","meta":{"footnotes":""},"class_list":["post-10025","page","type-page","status-publish","hentry"],"_links":{"self":[{"href":"https:\/\/muds.ao\/en\/wp-json\/wp\/v2\/pages\/10025","targetHints":{"allow":["GET"]}}],"collection":[{"href":"https:\/\/muds.ao\/en\/wp-json\/wp\/v2\/pages"}],"about":[{"href":"https:\/\/muds.ao\/en\/wp-json\/wp\/v2\/types\/page"}],"author":[{"embeddable":true,"href":"https:\/\/muds.ao\/en\/wp-json\/wp\/v2\/users\/2"}],"replies":[{"embeddable":true,"href":"https:\/\/muds.ao\/en\/wp-json\/wp\/v2\/comments?post=10025"}],"version-history":[{"count":7,"href":"https:\/\/muds.ao\/en\/wp-json\/wp\/v2\/pages\/10025\/revisions"}],"predecessor-version":[{"id":11069,"href":"https:\/\/muds.ao\/en\/wp-json\/wp\/v2\/pages\/10025\/revisions\/11069"}],"wp:attachment":[{"href":"https:\/\/muds.ao\/en\/wp-json\/wp\/v2\/media?parent=10025"}],"curies":[{"name":"wp","href":"https:\/\/api.w.org\/{rel}","templated":true}]}}