{"id":10023,"date":"2025-09-22T10:56:08","date_gmt":"2025-09-22T10:56:08","guid":{"rendered":"https:\/\/muds.ao\/?page_id=10023"},"modified":"2026-02-27T02:48:56","modified_gmt":"2026-02-27T02:48:56","slug":"termos-e-condicoes-de-utilizacao","status":"publish","type":"page","link":"https:\/\/muds.ao\/en\/termos-e-condicoes-de-utilizacao\/","title":{"rendered":"Terms and Conditions of Use"},"content":{"rendered":"<div data-elementor-type=\"wp-page\" data-elementor-id=\"10023\" class=\"elementor elementor-10023\" data-elementor-post-type=\"page\">\n\t\t\t\t<div class=\"elementor-element elementor-element-578303c e-flex e-con-boxed e-con e-parent\" data-id=\"578303c\" data-element_type=\"container\" data-e-type=\"container\">\t\t\t<div class=\"e-con-inner\">\r\n\t\t\t\t<div class=\"elementor-element elementor-element-1dc4967 elementor-widget elementor-widget-heading\" data-id=\"1dc4967\" data-element_type=\"widget\" data-e-type=\"widget\" data-widget_type=\"heading.default\">\n\t\t\t\t\t<h2 class=\"elementor-heading-title elementor-size-default\">Terms and Conditions<\/h2>\t\t\t\t<\/div>\n\t\t\t\t<div class=\"elementor-element elementor-element-cef3985 elementor-widget elementor-widget-text-editor\" data-id=\"cef3985\" data-element_type=\"widget\" data-e-type=\"widget\" data-widget_type=\"text-editor.default\">\n\t\t\t\t\t\t\t\t\t<p>By accessing the MUDS website, the user agrees to these Terms and Conditions.<\/p>\t\t\t\t\t\t\t\t<\/div>\n\t\t\t\t<div class=\"elementor-element elementor-element-122970b elementor-widget elementor-widget-text-editor\" data-id=\"122970b\" data-element_type=\"widget\" data-e-type=\"widget\" data-widget_type=\"text-editor.default\">\n\t\t\t\t\t\t\t\t\t<p><strong>1. Object<\/strong><\/p><p>The purpose of this website is to present the services offered by MUDS and to allow contact with potential clients.<\/p><p><strong>2. Intellectual Property<\/strong><\/p><p>All content (text, images, logos, videos, design, and code) is owned by MUDS or used with permission.<\/p><p>Reproduction without prior written consent is prohibited.<\/p><p><strong>3. Website Usage<\/strong><\/p><p>The user agrees to:<\/p><ul><li>Do not use the website for illegal purposes.<\/li><li>Do not attempt to access restricted areas.<\/li><li>Do not introduce viruses or malicious code.<\/li><\/ul><p><strong>4. Limitation of Liability<\/strong><\/p><p>MUDS is not responsible for:<\/p><ul><li>Temporary website interruptions<\/li><li>Errors resulting from external technical failures.<\/li><li>Misuse of published information<\/li><\/ul>\t\t\t\t\t\t\t\t<\/div>\n\t\t\t\t\t<\/div>\r\n\t\t\t\t<\/div>\r\n\t\t\t\t<\/div>","protected":false},"excerpt":{"rendered":"<p>Termos e Condi\u00e7\u00f5es Ao aceder ao website da MUDS, o utilizador concorda com os presentes Termos e Condi\u00e7\u00f5es. 1. Objecto O website tem como finalidade apresentar os servi\u00e7os prestados pela MUDS e permitir o contacto com potenciais clientes. 2. Propriedade Intelectual Todos os conte\u00fados (textos, imagens, log\u00f3tipos, v\u00eddeos, design e c\u00f3digo) s\u00e3o propriedade da MUDS [&hellip;]<\/p>\n","protected":false},"author":2,"featured_media":0,"parent":0,"menu_order":0,"comment_status":"closed","ping_status":"closed","template":"","meta":{"footnotes":""},"class_list":["post-10023","page","type-page","status-publish","hentry"],"_links":{"self":[{"href":"https:\/\/muds.ao\/en\/wp-json\/wp\/v2\/pages\/10023","targetHints":{"allow":["GET"]}}],"collection":[{"href":"https:\/\/muds.ao\/en\/wp-json\/wp\/v2\/pages"}],"about":[{"href":"https:\/\/muds.ao\/en\/wp-json\/wp\/v2\/types\/page"}],"author":[{"embeddable":true,"href":"https:\/\/muds.ao\/en\/wp-json\/wp\/v2\/users\/2"}],"replies":[{"embeddable":true,"href":"https:\/\/muds.ao\/en\/wp-json\/wp\/v2\/comments?post=10023"}],"version-history":[{"count":7,"href":"https:\/\/muds.ao\/en\/wp-json\/wp\/v2\/pages\/10023\/revisions"}],"predecessor-version":[{"id":11066,"href":"https:\/\/muds.ao\/en\/wp-json\/wp\/v2\/pages\/10023\/revisions\/11066"}],"wp:attachment":[{"href":"https:\/\/muds.ao\/en\/wp-json\/wp\/v2\/media?parent=10023"}],"curies":[{"name":"wp","href":"https:\/\/api.w.org\/{rel}","templated":true}]}}