{"id":10021,"date":"2025-09-22T10:55:47","date_gmt":"2025-09-22T10:55:47","guid":{"rendered":"https:\/\/muds.ao\/?page_id=10021"},"modified":"2026-03-06T17:32:29","modified_gmt":"2026-03-06T17:32:29","slug":"politica-de-privacidade","status":"publish","type":"page","link":"https:\/\/muds.ao\/en\/politica-de-privacidade\/","title":{"rendered":"Privacy Policy"},"content":{"rendered":"<div data-elementor-type=\"wp-page\" data-elementor-id=\"10021\" class=\"elementor elementor-10021\" data-elementor-post-type=\"page\">\n\t\t\t\t<div class=\"elementor-element elementor-element-1971cbe e-flex e-con-boxed e-con e-parent\" data-id=\"1971cbe\" data-element_type=\"container\" data-e-type=\"container\">\t\t\t<div class=\"e-con-inner\">\r\n\t\t\t\t<div class=\"elementor-element elementor-element-ae20b02 elementor-widget elementor-widget-heading\" data-id=\"ae20b02\" data-element_type=\"widget\" data-e-type=\"widget\" data-widget_type=\"heading.default\">\n\t\t\t\t\t<h2 class=\"elementor-heading-title elementor-size-default\">Privacy Policy<\/h2>\t\t\t\t<\/div>\n\t\t\t\t<div class=\"elementor-element elementor-element-f60a84b elementor-widget elementor-widget-text-editor\" data-id=\"f60a84b\" data-element_type=\"widget\" data-e-type=\"widget\" data-widget_type=\"text-editor.default\">\n\t\t\t\t\t\t\t\t\t<p>This Privacy Policy describes how the <strong data-start=\"505\" data-end=\"550\">MUDS \u2013 Web Design and Technology Solutions<\/strong> It collects, uses, stores, and protects the personal data of its users and clients, in accordance with applicable legislation in Angola and international best practices for data protection.<\/p>\t\t\t\t\t\t\t\t<\/div>\n\t\t\t\t<div class=\"elementor-element elementor-element-a8502fb elementor-widget elementor-widget-text-editor\" data-id=\"a8502fb\" data-element_type=\"widget\" data-e-type=\"widget\" data-widget_type=\"text-editor.default\">\n\t\t\t\t\t\t\t\t\t<p><strong>1. Data Controller<\/strong><\/p><p>MUDS is the entity responsible for processing personal data collected through the website and the services provided.<\/p><p>For any privacy-related questions, you can contact us via the official email address provided on the website.<\/p><p><strong>2. Data Collected<\/strong><\/p><p>We can collect the following data:<\/p><ul><li>Full name<\/li><li>Email address<\/li><li>Phone number<\/li><li>Company name<\/li><li>IP address<\/li><li>Billing information<\/li><li>Information provided in contact forms.<\/li><\/ul><p><strong>3. Purpose of Treatment<\/strong><\/p><p>The data collected is intended for:<\/p><ul><li>Responding to requests for information<\/li><li>Prepare business proposals.<\/li><li>Provision of contracted services<\/li><li>Billing and compliance with legal obligations<\/li><li>Sending institutional or promotional communications (when authorized)<\/li><\/ul><p><strong>4. Data Sharing<\/strong><\/p><p>MUDS does not sell or share personal data with third parties, except when necessary to:<\/p><ul><li>Compliance with legal obligations<\/li><li>Payment processing<\/li><li>Technical services (e.g., web hosting, domains)<\/li><\/ul><p><strong>5. Data Preservation<\/strong><\/p><p>The data will be kept only for the period necessary to perform the contracted services or to comply with legal obligations.<\/p><p><strong>6. Data Subject Rights<\/strong><\/p><p>The user has the right to:<\/p><ul><li>Access your data<\/li><li>Request a correction or update.<\/li><li>Solicitar elimina\u00e7\u00e3o dos seus dados<\/li><\/ul><p>A Muds tem o direito de:<\/p><ul><li>Assinar como desenvolvidor<\/li><\/ul><p>\u00a0<\/p><p><strong>7. Security<\/strong><\/p><p>We have implemented appropriate technical and organizational measures to protect data against unauthorized access, loss, or improper disclosure.<\/p>\t\t\t\t\t\t\t\t<\/div>\n\t\t\t\t\t<\/div>\r\n\t\t\t\t<\/div>\r\n\t\t\t\t<\/div>","protected":false},"excerpt":{"rendered":"<p>Pol\u00edtica de Privacidade A presente Pol\u00edtica de Privacidade descreve a forma como a MUDS \u2013 Design e Solu\u00e7\u00f5es Tecnol\u00f3gicas Web recolhe, utiliza, armazena e protege os dados pessoais dos seus utilizadores e clientes, em conformidade com a legisla\u00e7\u00e3o aplic\u00e1vel em Angola e boas pr\u00e1ticas internacionais de prote\u00e7\u00e3o de dados. 1. Respons\u00e1vel pelo Tratamento A MUDS [&hellip;]<\/p>\n","protected":false},"author":2,"featured_media":0,"parent":0,"menu_order":0,"comment_status":"closed","ping_status":"closed","template":"","meta":{"footnotes":""},"class_list":["post-10021","page","type-page","status-publish","hentry"],"_links":{"self":[{"href":"https:\/\/muds.ao\/en\/wp-json\/wp\/v2\/pages\/10021","targetHints":{"allow":["GET"]}}],"collection":[{"href":"https:\/\/muds.ao\/en\/wp-json\/wp\/v2\/pages"}],"about":[{"href":"https:\/\/muds.ao\/en\/wp-json\/wp\/v2\/types\/page"}],"author":[{"embeddable":true,"href":"https:\/\/muds.ao\/en\/wp-json\/wp\/v2\/users\/2"}],"replies":[{"embeddable":true,"href":"https:\/\/muds.ao\/en\/wp-json\/wp\/v2\/comments?post=10021"}],"version-history":[{"count":7,"href":"https:\/\/muds.ao\/en\/wp-json\/wp\/v2\/pages\/10021\/revisions"}],"predecessor-version":[{"id":11285,"href":"https:\/\/muds.ao\/en\/wp-json\/wp\/v2\/pages\/10021\/revisions\/11285"}],"wp:attachment":[{"href":"https:\/\/muds.ao\/en\/wp-json\/wp\/v2\/media?parent=10021"}],"curies":[{"name":"wp","href":"https:\/\/api.w.org\/{rel}","templated":true}]}}