{"id":100,"date":"2022-09-16T07:05:40","date_gmt":"2022-09-16T07:05:40","guid":{"rendered":"http:\/\/localhost\/printco\/?page_id=100"},"modified":"2025-11-24T21:00:40","modified_gmt":"2025-11-24T21:00:40","slug":"trabalhos-feito","status":"publish","type":"page","link":"https:\/\/muds.ao\/en\/trabalhos-feito\/","title":{"rendered":"Job Done"},"content":{"rendered":"<div data-elementor-type=\"wp-page\" data-elementor-id=\"100\" class=\"elementor elementor-100\" data-elementor-post-type=\"page\">\n\t\t\t\t        <section class=\"elementor-section elementor-top-section elementor-element elementor-element-0eace5d elementor-section-full_width elementor-section-stretched elementor-section-height-default elementor-section-height-default pxl-type-header-none pxl-bg-color-none pxl-section-padding-none pxl-section-offset-none pxl-row-scroll-none\" data-id=\"0eace5d\" data-element_type=\"section\" data-e-type=\"section\" data-settings=\"{&quot;stretch_section&quot;:&quot;section-stretched&quot;}\">\n\n                \n                <div class=\"elementor-container elementor-column-gap-default\">\n                <div class=\"elementor-column elementor-col-100 elementor-top-column elementor-element elementor-element-f80a5c7 pxl-col-none pxl-column-none\" data-id=\"f80a5c7\" data-element_type=\"column\" data-e-type=\"column\">\r\n        <div class=\"elementor-widget-wrap elementor-element-populated\">\r\n                     \r\n        \t\t<div class=\"elementor-element elementor-element-94e2833 elementor-widget elementor-widget-pxl_heading\" data-id=\"94e2833\" data-element_type=\"widget\" data-e-type=\"widget\" data-widget_type=\"pxl_heading.default\">\n\t\t\t\t<div class=\"elementor-widget-container\">\n\t\t\t\t\t<div class=\"pxl-heading\">\n\t<div class=\"pxl-heading--inner\">\n\t\t\t\t\t<div class=\"pxl-item--subtitle\" data-wow-delay=\"ms\"><span>Our latest project<\/span><\/div>\n\t\t\t\t<h2 class=\"pxl-item--title divider-none   style1\" data-wow-delay=\"ms\">\n\t\t\tWe've already completed many projects! Check out our recent projects!\t\t<\/h2>\n\t<\/div>\n<\/div>\t\t\t\t<\/div>\n\t\t\t\t<\/div>\n\t\t\t\t<div class=\"elementor-element elementor-element-bc125b3 pxl-post-layout-portfolio-1 elementor-widget elementor-widget-pxl_post_grid\" data-id=\"bc125b3\" data-element_type=\"widget\" data-e-type=\"widget\" data-widget_type=\"pxl_post_grid.default\">\n\t\t\t\t<div class=\"elementor-widget-container\">\n\t\t\t\t\t\n<div id=\"pxl_post_grid-bc125b3-6743\" class=\"pxl-grid pxl-portfolio-grid layout1\" data-layout=\"masonry\" data-start-page=\"1\" data-max-pages=\"1\" data-total=\"2\" data-perpage=\"12\" data-next-link=\"\">\n            <div class=\"container-custom\">\n            <div class=\"pxl-grid-filter pxl-grid-filter1\">\n                <div class=\"pxl--filter-inner\">\n                    <span class=\"filter-item active\" data-filter=\"*\">Show All<\/span>\n                                                                                            \n                        <span class=\"filter-item\" data-filter=\".campanhas\">\n                            Campaigns                        <\/span>\n                                                                                            \n                        <span class=\"filter-item\" data-filter=\".editorial\">\n                            Editorial                        <\/span>\n                                                                                            \n                        <span class=\"filter-item\" data-filter=\".identidade-visual\">\n                            Visual identity                        <\/span>\n                                                                                            \n                        <span class=\"filter-item\" data-filter=\".logotipo\">\n                            Logo                        <\/span>\n                                                                                            \n                        <span class=\"filter-item\" data-filter=\".social-media\">\n                            Social Media                        <\/span>\n                                                                                            \n                        <span class=\"filter-item\" data-filter=\".ux-e-ui\">\n                            UX to UI                        <\/span>\n                                                                                            \n                        <span class=\"filter-item\" data-filter=\".videos\">\n                            Videos                        <\/span>\n                                    <\/div>\n            <\/div>\n        <\/div>\n        <div class=\"pxl-grid-inner pxl-grid-masonry row\" data-gutter=\"15\">\n        <div class=\"grid-sizer col-xl-3 col-lg-4 col-md-6 col-sm-12 col-12\"><\/div>\n                    <div class=\"pxl-grid-item col-xl-3 col-lg-4 col-md-6 col-sm-12 col-12 campanhas editorial identidade-visual logotipo social-media ux-e-ui videos\">\n                <div class=\"pxl-item--inner pxl-grid-item-inner\" data-wow-duration=\"1.2s\">\n                                            <div class=\"pxl-item-featured\">\n                            <img fetchpriority=\"high\" decoding=\"async\" class=\"no-lazyload\" src=\"https:\/\/muds.ao\/wp-content\/uploads\/2022\/11\/01-902x602.jpg\" width=\"902\" height=\"602\" alt=\"01\" title=\"01\" \/>                        <\/div>\n                                        <div class=\"pxl-item--front\">\n                        <div class=\"pxl-item-content\">\n                            <h5 class=\"pxl-item-title\"><a href=\"https:\/\/muds.ao\/en\/portfolio\/inovaclean\/\">INOVACLEAN<\/a><\/h5>\n                            <span class=\"pxl-item-tags\"><a href=\"https:\/\/muds.ao\/en\/portfolio-tag\/identidade-visual\/\" rel=\"tag\">Visual Identity<\/a>, <a href=\"https:\/\/muds.ao\/en\/portfolio-tag\/logotipo\/\" rel=\"tag\">Logo<\/a><\/span>\n                        <\/div>\n                        <span class=\"pxl-item-icon pxl-related-front\"><i class=\"fal fa-plus\"><\/i><\/span>\n                    <\/div>\n                    <div class=\"pxl-item--bg bg-image\" style=\"background-image: url(https:\/\/muds.ao\/wp-content\/uploads\/2022\/11\/01.jpg);\"><\/div>\n                    <div class=\"pxl-item--back\">\n                        <div class=\"pxl-content-main\">\n                            <h5 class=\"pxl-item-title\"><a href=\"https:\/\/muds.ao\/en\/portfolio\/inovaclean\/\">INOVACLEAN<\/a><\/h5>\n                            <span class=\"pxl-item-date\">March 2, 2024<\/span>\n                                                            <div class=\"pxl-item--excerpt\">\n                                    InovaClean                                <\/div>\n                                                        <span class=\"pxl-item--author\">\n                                <img alt='Avatar photo' src='https:\/\/muds.ao\/wp-content\/uploads\/2025\/11\/cropped-oficial-233@4x-scaled-1-160x160.png' srcset='https:\/\/muds.ao\/wp-content\/uploads\/2025\/11\/cropped-oficial-233@4x-scaled-1-320x320.png 2x' class='avatar avatar-160 photo' height='160' width='160' \/>                                <a href=\"https:\/\/muds.ao\/en\/author\/mudsao\/\" title=\"Posts by Muds Design e Solu\u00e7\u00f5es Tecnol\u00f3gicas Web\" rel=\"author\">Muds Design and Web Technology Solutions<\/a>                            <\/span>\n                        <\/div>\n                        <span class=\"pxl-item-icon pxl-related-back\"><i class=\"fal fa-minus\"><\/i><\/span>\n                    <\/div>\n                <\/div>\n            <\/div>\n                    <div class=\"pxl-grid-item col-xl-3 col-lg-4 col-md-6 col-sm-12 col-12 editorial identidade-visual logotipo\">\n                <div class=\"pxl-item--inner pxl-grid-item-inner\" data-wow-duration=\"1.2s\">\n                                        <div class=\"pxl-item--front\">\n                        <div class=\"pxl-item-content\">\n                            <h5 class=\"pxl-item-title\"><a href=\"https:\/\/muds.ao\/en\/portfolio\/vimob\/\">VIMOB<\/a><\/h5>\n                            <span class=\"pxl-item-tags\"><a href=\"https:\/\/muds.ao\/en\/portfolio-tag\/identidade-visual\/\" rel=\"tag\">Visual Identity<\/a>, <a href=\"https:\/\/muds.ao\/en\/portfolio-tag\/logotipo\/\" rel=\"tag\">Logo<\/a>, <a href=\"https:\/\/muds.ao\/en\/portfolio-tag\/redes-sociais\/\" rel=\"tag\">Social media<\/a><\/span>\n                        <\/div>\n                        <span class=\"pxl-item-icon pxl-related-front\"><i class=\"fal fa-plus\"><\/i><\/span>\n                    <\/div>\n                    <div class=\"pxl-item--bg bg-image\" style=\"background-image: url(https:\/\/muds.ao\/wp-content\/uploads\/2022\/11\/01.jpg);\"><\/div>\n                    <div class=\"pxl-item--back\">\n                        <div class=\"pxl-content-main\">\n                            <h5 class=\"pxl-item-title\"><a href=\"https:\/\/muds.ao\/en\/portfolio\/vimob\/\">VIMOB<\/a><\/h5>\n                            <span class=\"pxl-item-date\">November 10, 2022<\/span>\n                                                            <div class=\"pxl-item--excerpt\">\n                                    Donec metus lorem, vulputate at sapien sit amet, auctor iaculis lorem. In vel hendrerit nisi.                                <\/div>\n                                                        <span class=\"pxl-item--author\">\n                                <img alt='Avatar photo' src='https:\/\/muds.ao\/wp-content\/uploads\/2025\/11\/cropped-oficial-233@4x-scaled-1-160x160.png' srcset='https:\/\/muds.ao\/wp-content\/uploads\/2025\/11\/cropped-oficial-233@4x-scaled-1-320x320.png 2x' class='avatar avatar-160 photo' height='160' width='160' \/>                                <a href=\"https:\/\/muds.ao\/en\/author\/mudsao\/\" title=\"Posts by Muds Design e Solu\u00e7\u00f5es Tecnol\u00f3gicas Web\" rel=\"author\">Muds Design and Web Technology Solutions<\/a>                            <\/span>\n                        <\/div>\n                        <span class=\"pxl-item-icon pxl-related-back\"><i class=\"fal fa-minus\"><\/i><\/span>\n                    <\/div>\n                <\/div>\n            <\/div>\n            <\/div>\n        <\/div>\t\t\t\t<\/div>\n\t\t\t\t<\/div>\n\t\t            <\/div>\r\n        <\/div>\r\n        \t\t\t<\/div>\n\t\t<\/section>\n\t\t\t\t<\/div>","protected":false},"excerpt":{"rendered":"<p>O nosso mais recente projeto J\u00e1 realiz\u00e1mos muitos projetos! Veja os nossos projetos recentes! Show All 3D Printing Branding Logo Design Ofset Printing T-Shirt Printing Business Card Printing Design, Printing Business Card Printing Novembro 10, 2022 Donec metus lorem, vulputate at sapien sit amet, auctor iaculis lorem. In vel hendrerit nisi. mudshost T-Shirt Printing Design, [&hellip;]<\/p>\n","protected":false},"author":2,"featured_media":0,"parent":0,"menu_order":0,"comment_status":"closed","ping_status":"closed","template":"","meta":{"footnotes":""},"class_list":["post-100","page","type-page","status-publish","hentry"],"_links":{"self":[{"href":"https:\/\/muds.ao\/en\/wp-json\/wp\/v2\/pages\/100","targetHints":{"allow":["GET"]}}],"collection":[{"href":"https:\/\/muds.ao\/en\/wp-json\/wp\/v2\/pages"}],"about":[{"href":"https:\/\/muds.ao\/en\/wp-json\/wp\/v2\/types\/page"}],"author":[{"embeddable":true,"href":"https:\/\/muds.ao\/en\/wp-json\/wp\/v2\/users\/2"}],"replies":[{"embeddable":true,"href":"https:\/\/muds.ao\/en\/wp-json\/wp\/v2\/comments?post=100"}],"version-history":[{"count":4,"href":"https:\/\/muds.ao\/en\/wp-json\/wp\/v2\/pages\/100\/revisions"}],"predecessor-version":[{"id":10377,"href":"https:\/\/muds.ao\/en\/wp-json\/wp\/v2\/pages\/100\/revisions\/10377"}],"wp:attachment":[{"href":"https:\/\/muds.ao\/en\/wp-json\/wp\/v2\/media?parent=100"}],"curies":[{"name":"wp","href":"https:\/\/api.w.org\/{rel}","templated":true}]}}